{"id":1126,"date":"2020-03-11T15:11:04","date_gmt":"2020-03-11T15:11:04","guid":{"rendered":"https:\/\/select-fotostudio.ch\/workshops\/workshop-fotowalk\/"},"modified":"2025-04-08T09:24:44","modified_gmt":"2025-04-08T09:24:44","slug":"workshop-fotowalk","status":"publish","type":"page","link":"https:\/\/select-fotostudio.ch\/en\/workshops\/workshop-fotowalk\/","title":{"rendered":"Workshop Fotowalk"},"content":{"rendered":"<div class=\"wpb-content-wrapper\"><p>[vc_section][vc_row][vc_column][vc_empty_space height=&#8221;10px&#8221;][vc_separator color=&#8221;custom&#8221; align=&#8221;align_left&#8221; border_width=&#8221;3&#8243; el_width=&#8221;10&#8243; accent_color=&#8221;#ffd600&#8243;][vc_column_text]<\/p>\n<h2>Foto Walk<\/h2>\n<h3>Wir zeigen dir, wie man modische Schnappsch\u00fcsse macht!<\/h3>\n<p>Kamera, Licht und Kleider. Lerne professionelle Tipps und Tricks wie du gekonnte Mode-Aufnahmen machst.[\/vc_column_text][\/vc_column][\/vc_row][\/vc_section][vc_section bklyn_overlay=&#8221;true&#8221; css=&#8221;.vc_custom_1581423430778{padding-top: 0px !important;}&#8221;][vc_row gap=&#8221;10&#8243; equal_height=&#8221;yes&#8221; content_placement=&#8221;middle&#8221;][vc_column width=&#8221;1\/2&#8243; css=&#8221;.vc_custom_1581425817296{background-color: #ffd502 !important;}&#8221; offset=&#8221;vc_col-lg-6 vc_col-md-6 vc_col-sm-12 vc_col-xs-12&#8243;][vc_empty_space height=&#8221;5px&#8221; tablet_height=&#8221;10px&#8221; mobile_height=&#8221;5px&#8221;][vc_column_text]<\/p>\n<h1 style=\"color: #000;\">Kursdetails<\/h1>\n<p><span style=\"color: #000;\"><strong>Kursnummer<\/strong>: SEL-196<\/span><br \/>\n<span style=\"color: #000;\"><strong>Kursdauer<\/strong>: ca. 3 Stunden<\/span><br \/>\n<span style=\"color: #000;\"><strong>Kursart<\/strong>: street photography<\/span><br \/>\n<span style=\"color: #000;\"><strong>Kursleiter<\/strong>: Vera Elma Vacek<\/span><br \/>\n<span style=\"color: #000;\"><strong>Teilnehmerzahl<\/strong>: 4 &#8211; 8 Personen<\/span><br \/>\n<span style=\"color: #000;\"><strong>Anmeldeschluss<\/strong>: jeweils bis 3 Tage vorher<\/span>[\/vc_column_text][vc_column_text]<\/p>\n<p style=\"color: #ffffff; text-align: left;\"><strong><span style=\"color: #000000;\">Workshop Termine<\/span><\/strong><\/p>\n<p style=\"color: #ffffff; text-align: left;\"><span style=\"color: #000000;\">*Samstag, 09.05.2020 | 18 &#8211; 20 Uhr | Z\u00fcrich<\/span><\/p>\n<p style=\"text-align: left;\"><span style=\"color: #000000;\">*nur f\u00fcr Jugendliche bis 25 Jahre<\/span><\/p>\n<p>[\/vc_column_text][vc_column_text]<\/p>\n<h4 style=\"color: #000;\"><\/h4>\n<p>Urban-Photography wird gerade im Zeitalter von Social-Media immer beliebter. Egal ob du gerade deinen n\u00e4chsten St\u00e4dte-Trip planst oder einfach gerne Alltagssituationen fotografisch festhalten m\u00f6chtest, bei unserem Foto-Walk ist f\u00fcr jeden etwas dabei. Entdecke den Lifestyle, die Szenen und Orte einer Stadt. Erhalte dabei professionelle Tipps von unseren erfahrenen Fotografen und finde deinen eigenen Style.<\/p>\n<p><strong>Was du zum Kurs mitbringen solltest:<\/strong><\/p>\n<ul>\n<li>Deine eigene Kamera (Spiegelreflex-oder Systemkamera)<\/li>\n<\/ul>\n<p><span style=\"color: #000;\"><strong>Workshops sind nur mit vorheriger Anmeldung m\u00f6glich!<\/strong><\/span>[\/vc_column_text][vc_empty_space height=&#8221;15px&#8221;]<style type=\"text\/css\">#bklyn_btn_69e52d7256fc7 .bklyn-btn { color:#000000 !important; border-color:#000000 !important; border-width:2px !important; background-color:transparent !important; }#bklyn_btn_69e52d7256fc7 .bklyn-btn:hover{ color:#ffffff !important; background-color:#000000 !important; }#bklyn_btn_69e52d7256fc7 .bklyn-btn:focus{ color:#ffffff !important; background-color:#000000 !important; }#bklyn_btn_69e52d7256fc7 .bklyn-btn:active { color:#ffffff !important; background-color:#000000 !important; }#bklyn_btn_69e52d7256fc7.bklyn-btn-holder a { padding-top:8px;padding-bottom:8px }<\/style><div id=\"bklyn_btn_69e52d7256fc7\" class=\"bklyn-btn-holder  bklyn-btn-center bklyn-btn-tablet-center bklyn-btn-mobile-center bklyn-btn-holder-contains-fuild-button\"><a title=\"Workshop Anmeldung\"   href=\"https:\/\/select-fotostudio.ch\/workshop-anmeldung\/\" target=\"_self\" class=\"bklyn-btn  bklyn-btn-outline bklyn-btn-full bklyn-btn-normal\" ><span class=\"ut-btn-text\">FOR REGISTRATION<\/span><\/a><\/div>[\/vc_column][vc_column width=&#8221;1\/2&#8243; css=&#8221;.vc_custom_1581441363549{background-color: #000000 !important;}&#8221; offset=&#8221;vc_col-lg-6 vc_col-md-6 vc_col-sm-12 vc_col-xs-12&#8243;]<div  class=\"wpb_content_element   clearfix\"><style type=\"text\/css\">#ut_am_69e52d7257724 { opacity: 1; }#ut_am_wrap_69e52d7257725 { text-align: center; }@media (min-width: 768px) and (max-width: 1024px) { #ut_am_wrap_69e52d7257725 { text-align: center !important; } }@media (max-width: 767px) { #ut_am_wrap_69e52d7257725 { text-align: center !important; } }<\/style><div id=\"ut_am_wrap_69e52d7257725\" class=\"ut-image-gallery-image \"><div id=\"ut_reveal_69e52d7257726\"  data-appear-top-offset=\"auto\" class=\"ut-animated-image-item ut-image-gallery-item ut-animation-done \"><a class=\"ut-deactivated-link\" href=\"#\"><div class=\"ut-animated-image-zoom\">\r\n        <div class=\"ut-element-glitch-wrap\">\r\n\r\n            \r\n        <style type=\"text\/css\">\r\n\r\n                        \r\n        @media (min-width: 1025px) {\r\n\r\n        #ut-element-glitch-69e52d725774d434724882-474 .ut-glitch-single-element {\r\n                                            \r\n                }\r\n        }\r\n\r\n        @media (min-width: 768px) and (max-width: 1024px) {\r\n\r\n        #ut-element-glitch-69e52d725774d434724882-474 .ut-glitch-single-element {\r\n                                                \r\n                    }\r\n        }\r\n\r\n        @media (max-width: 767px) {\r\n\r\n        #ut-element-glitch-69e52d725774d434724882-474 .ut-glitch-single-element {\r\n                                                \r\n                    }\r\n        }\r\n\r\n        \r\n        <\/style>\r\n\r\n        \r\n            <div id=\"ut-element-glitch-69e52d725774d434724882-474\" class=\" ut-element-glitch ut-glitch-none ut-element-glitch-permanent\">\r\n                <div class=\"ut-glitch-single-element ut-lozad skip-lazy\" data-background-image=\"https:\/\/select-fotostudio.ch\/wp-content\/uploads\/2020\/02\/Vera-Web.jpg\"><\/div>\r\n                <div class=\"ut-glitch-single-element ut-lozad skip-lazy\" data-background-image=\"https:\/\/select-fotostudio.ch\/wp-content\/uploads\/2020\/02\/Vera-Web.jpg\"><\/div>\r\n                <div class=\"ut-glitch-single-element ut-lozad skip-lazy\" data-background-image=\"https:\/\/select-fotostudio.ch\/wp-content\/uploads\/2020\/02\/Vera-Web.jpg\"><\/div>\r\n                <div class=\"ut-glitch-single-element ut-lozad skip-lazy\" data-background-image=\"https:\/\/select-fotostudio.ch\/wp-content\/uploads\/2020\/02\/Vera-Web.jpg\"><\/div>\r\n                <div class=\"ut-glitch-single-element ut-lozad skip-lazy\" data-background-image=\"https:\/\/select-fotostudio.ch\/wp-content\/uploads\/2020\/02\/Vera-Web.jpg\"><\/div>\r\n            <\/div>\r\n\r\n        <\/div>\r\n\r\n        <img decoding=\"async\" class=\"ut-lazy skip-lazy ut-animated-image \" id=\"ut_am_69e52d7257724\" src=\"data:image\/svg+xml;charset=utf-8,%3Csvg xmlns%3D&#039;http%3A%2F%2Fwww.w3.org%2F2000%2Fsvg&#039; viewBox%3D&#039;0 0 400 400&#039;%2F%3E\" data-src=\"https:\/\/select-fotostudio.ch\/wp-content\/uploads\/2020\/02\/Vera-Web.jpg\" width=\"400\" height=\"400\" alt=\"Fotokurs Luzern, Bern, Z\u00fcrich\" title=\"\"><\/div><\/a><\/div><\/div><\/div>[vc_empty_space height=&#8221;20px&#8221; tablet_height=&#8221;10px&#8221; mobile_height=&#8221;5px&#8221;][vc_column_text]<\/p>\n<div class=\"page\" title=\"Page 2\">\n<div class=\"section\">\n<div class=\"layoutArea\">\n<div class=\"column\">\n<p><span style=\"color: #ffffff;\"><strong>Vera Elma Vacek<\/strong><\/span><\/p>\n<p><span style=\"color: #ffffff;\">Fotografin<\/span><\/p>\n<p><span style=\"color: #ffffff;\">Fotogene Motive zu erkennen erfordert ein geschultes Auge. Vera Elma Vacek hat schon fr\u00fch ihr Hobby zum Beruf gemacht und ist als Studioleiterin bei Select f\u00fcr die Weiterbildung der Fotograf*innen verantwortlich.<\/span><\/p>\n<p><span style=\"color: #ffffff;\">Sie findet es spannend Sujets aus verschiede- nen Perspektiven abzulichten und Orte zu besuchen, die aus \u00e4sthetischer Sicht interes- sant sind. Vera wohnt in Bern und studiert an der Schule f\u00fcr Gestaltung HF Fotografie.<\/span><\/p>\n<\/div>\n<\/div>\n<\/div>\n<\/div>\n<p>[\/vc_column_text][\/vc_column][\/vc_row][\/vc_section][vc_section css=&#8221;.vc_custom_1581425063520{padding-top: 0px !important;}&#8221;][vc_row css=&#8221;.vc_custom_1581425468908{margin-top: 0px !important;margin-bottom: 0px !important;padding-top: 0px !important;padding-bottom: 0px !important;}&#8221;][vc_column css=&#8221;.vc_custom_1581425473932{margin-top: 0px !important;margin-bottom: 0px !important;padding-top: 0px !important;padding-bottom: 0px !important;}&#8221;][vc_empty_space height=&#8221;50px&#8221; tablet_height=&#8221;25px&#8221; mobile_height=&#8221;15px&#8221;][\/vc_column][\/vc_row][\/vc_section]<\/p>\n<\/div>","protected":false},"excerpt":{"rendered":"<p>[vc_section][vc_row][vc_column][vc_empty_space height=&#8221;10px&#8221;][vc_separator color=&#8221;custom&#8221; align=&#8221;align_left&#8221; border_width=&#8221;3&#8243; el_width=&#8221;10&#8243; accent_color=&#8221;#ffd600&#8243;][vc_column_text] Foto Walk Wir zeigen dir, wie man modische Schnappsch\u00fcsse macht! Kamera, Licht und Kleider. Lerne professionelle Tipps und Tricks wie du gekonnte Mode-Aufnahmen machst.[\/vc_column_text][\/vc_column][\/vc_row][\/vc_section][vc_section bklyn_overlay=&#8221;true&#8221; css=&#8221;.vc_custom_1581423430778{padding-top: 0px !important;}&#8221;][vc_row gap=&#8221;10&#8243; equal_height=&#8221;yes&#8221; content_placement=&#8221;middle&#8221;][vc_column width=&#8221;1\/2&#8243; css=&#8221;.vc_custom_1581425817296{background-color: #ffd502 !important;}&#8221; offset=&#8221;vc_col-lg-6 vc_col-md-6 vc_col-sm-12 vc_col-xs-12&#8243;][vc_empty_space height=&#8221;5px&#8221; tablet_height=&#8221;10px&#8221; mobile_height=&#8221;5px&#8221;][vc_column_text] Kursdetails Kursnummer: SEL-196 Kursdauer: ca. 3 [&hellip;]<\/p>\n","protected":false},"author":2,"featured_media":0,"parent":1099,"menu_order":0,"comment_status":"closed","ping_status":"closed","template":"","meta":{"footnotes":""},"class_list":["post-1126","page","type-page","status-publish","hentry"],"_links":{"self":[{"href":"https:\/\/select-fotostudio.ch\/en\/wp-json\/wp\/v2\/pages\/1126","targetHints":{"allow":["GET"]}}],"collection":[{"href":"https:\/\/select-fotostudio.ch\/en\/wp-json\/wp\/v2\/pages"}],"about":[{"href":"https:\/\/select-fotostudio.ch\/en\/wp-json\/wp\/v2\/types\/page"}],"author":[{"embeddable":true,"href":"https:\/\/select-fotostudio.ch\/en\/wp-json\/wp\/v2\/users\/2"}],"replies":[{"embeddable":true,"href":"https:\/\/select-fotostudio.ch\/en\/wp-json\/wp\/v2\/comments?post=1126"}],"version-history":[{"count":0,"href":"https:\/\/select-fotostudio.ch\/en\/wp-json\/wp\/v2\/pages\/1126\/revisions"}],"up":[{"embeddable":true,"href":"https:\/\/select-fotostudio.ch\/en\/wp-json\/wp\/v2\/pages\/1099"}],"wp:attachment":[{"href":"https:\/\/select-fotostudio.ch\/en\/wp-json\/wp\/v2\/media?parent=1126"}],"curies":[{"name":"wp","href":"https:\/\/api.w.org\/{rel}","templated":true}]}}