{"id":7559,"date":"2025-03-28T09:19:15","date_gmt":"2025-03-28T09:19:15","guid":{"rendered":"https:\/\/select-fotostudio.ch\/application\/"},"modified":"2025-03-28T09:19:38","modified_gmt":"2025-03-28T09:19:38","slug":"application","status":"publish","type":"page","link":"https:\/\/select-fotostudio.ch\/fr\/application\/","title":{"rendered":"Formulaire de candidature English"},"content":{"rendered":"<div class=\"wpb-content-wrapper\"><p>[vc_section bklyn_overlay=&#8221;true&#8221; css=&#8221;.vc_custom_1716980757367{margin-top: 0px !important;margin-right: 0px !important;margin-bottom: 0px !important;padding-top: 0px !important;padding-right: 0px !important;padding-bottom: 0px !important;background-color: #fedb78 !important;}&#8221;][vc_row full_width=&#8221;stretch_row_content_no_spaces&#8221; gap=&#8221;1&#8243; equal_height=&#8221;yes&#8221; content_placement=&#8221;middle&#8221; css=&#8221;.vc_custom_1581444687233{margin-right: 0px !important;margin-bottom: 0px !important;padding-right: 0px !important;padding-bottom: 0px !important;}&#8221;][vc_column width=&#8221;1\/2&#8243; offset=&#8221;vc_col-lg-offset-2 vc_col-lg-4 vc_col-md-offset-2 vc_col-md-4 vc_col-sm-offset-2 vc_col-sm-8 vc_col-xs-offset-2 vc_col-xs-8&#8243;][vc_empty_space height=&#8221;30px&#8221; tablet_height=&#8221;110px&#8221; mobile_height=&#8221;130px&#8221;][vc_column_text]<\/p>\n<h2 style=\"color: #000;\">demande en ligne<\/h2>\n<p class=\"p1\">Nous nous r\u00e9jouissons de recevoir votre candidature courte et motiv\u00e9e. Veuillez noter que seules les candidatures soumises par le biais de ce formulaire seront examin\u00e9es. <\/p>\n<p class=\"p1\">Nous sommes ravis d&#8217;avoir de vos nouvelles !<\/p>\n<p>[\/vc_column_text][\/vc_column][vc_column width=&#8221;1\/2&#8243; offset=&#8221;vc_col-lg-6 vc_col-md-6 vc_col-sm-12 vc_col-xs-12&#8243; css=&#8221;.vc_custom_1581444356308{margin: 0px !important;padding: 0px !important;}&#8221;]<div  class=\"wpb_content_element   vc_custom_1716980780353 clearfix\"><style type=\"text\/css\">#ut_am_69e1156e7a819 { opacity: 1; }#ut_am_wrap_69e1156e7a81a .ut-image-gallery-item-caption-title h3 { letter-spacing: 0em; }#ut_am_wrap_69e1156e7a81a .ut-gallery-slider-caption { font-weight: bold; }#ut_am_wrap_69e1156e7a81a { text-align: center; }@media (min-width: 768px) and (max-width: 1024px) { #ut_am_wrap_69e1156e7a81a { text-align: center !important; } }@media (max-width: 767px) { #ut_am_wrap_69e1156e7a81a { text-align: center !important; } }<\/style><div id=\"ut_am_wrap_69e1156e7a81a\" class=\"ut-image-gallery-image \"><div id=\"ut_reveal_69e1156e7a81b\"  data-appear-top-offset=\"auto\" class=\"ut-animated-image-item ut-image-gallery-item ut-animation-done \"><a class=\"ut-deactivated-link\" href=\"#\"><div class=\"ut-animated-image-zoom\"><img decoding=\"async\" class=\"ut-lazy skip-lazy ut-animated-image \" id=\"ut_am_69e1156e7a819\" src=\"data:image\/svg+xml;charset=utf-8,%3Csvg xmlns%3D&#039;http%3A%2F%2Fwww.w3.org%2F2000%2Fsvg&#039; viewBox%3D&#039;0 0 1024 600&#039;%2F%3E\" data-src=\"https:\/\/select-fotostudio.ch\/wp-content\/uploads\/2024\/05\/select_image_section_jobs_banner-Kopie-1.png\" width=\"1024\" height=\"\" alt=\"\" title=\"\"><\/div><\/a><\/div><\/div><\/div>[\/vc_column][\/vc_row][\/vc_section][vc_section full_width=&#8221;&#8221; content_placement=&#8221;top&#8221; bklyn_overlay=&#8221;true&#8221; css=&#8221;.vc_custom_1718029635764{padding-top: 8% !important;padding-bottom: 8% !important;}&#8221;][vc_row gap=&#8221;40&#8243;][vc_column width=&#8221;2\/3&#8243; offset=&#8221;vc_col-lg-8 vc_col-md-10 vc_col-sm-12&#8243;][vc_row_inner][vc_column_inner css=&#8221;.vc_custom_1718029586263{background-color: #fae9ae !important;border-radius: 10px !important;}&#8221;]<div id=\"ut_cf7_colors_69e1156e7a8f3\" class=\"wpb_content_element   vc_custom_1739916168935\">\n<div class=\"wpcf7 no-js\" id=\"wpcf7-f7897-o1\" lang=\"fr-FR\" dir=\"ltr\" data-wpcf7-id=\"7897\">\n<div class=\"screen-reader-response\"><p role=\"status\" aria-live=\"polite\" aria-atomic=\"true\"><\/p> <ul><\/ul><\/div>\n<form action=\"\/fr\/wp-json\/wp\/v2\/pages\/7559#wpcf7-f7897-o1\" method=\"post\" class=\"wpcf7-form init cf7mls-no-scroll cf7mls-no-moving-animation\" aria-label=\"Formulaire de contact\" enctype=\"multipart\/form-data\" novalidate=\"novalidate\" data-status=\"init\">\n<fieldset class=\"hidden-fields-container\"><input type=\"hidden\" name=\"_wpcf7\" value=\"7897\" \/><input type=\"hidden\" name=\"_wpcf7_version\" value=\"6.1.5\" \/><input type=\"hidden\" name=\"_wpcf7_locale\" value=\"fr_FR\" \/><input type=\"hidden\" name=\"_wpcf7_unit_tag\" value=\"wpcf7-f7897-o1\" \/><input type=\"hidden\" name=\"_wpcf7_container_post\" value=\"0\" \/><input type=\"hidden\" name=\"_wpcf7_posted_data_hash\" value=\"\" \/>\n<\/fieldset>\n<div class=\"fieldset-cf7mls-wrapper\" data-transition-effects=\"\"><fieldset class=\"fieldset-cf7mls cf7mls_current_fs\"><div id=\"Step 1\">\n<div style=\"border: 2px solid red; padding: 10px; background-color: #ffe6e6; color: red; font-weight: bold; text-align: center; margin-bottom: 15px;\">\n\u26a0\ufe0f Veuillez noter : Seuls les candidats qui parlent couramment l'anglais et qui r\u00e9sident dans la ville de Gen\u00e8ve seront pris en consid\u00e9ration.\n<\/div>\n<h2 class=\"formular-headlines\" style=\"text-decoration: underline; text-underline-offset: 0.2em; text-decoration-thickness:3px;\">Formulaire de demande<\/h2>\n<h5 class=\"formular-headlines\" style=\"text-decoration: underline; text-underline-offset: 0.2em; text-decoration-thickness:3px;\">Oui, je peux confirmer ce qui suit :<\/h5>\n<br><div style=\"margin-bottom: 10px;\"><span class=\"wpcf7-form-control-wrap\" data-name=\"part-time\"><span class=\"wpcf7-form-control wpcf7-acceptance\"><span class=\"wpcf7-list-item\"><label><input type=\"checkbox\" name=\"part-time\" value=\"1\" aria-invalid=\"false\" \/><span class=\"wpcf7-list-item-label\">Oui, je suis conscient qu'il s'agit d'un poste \u00e0 temps partiel (charge de travail de 20% maximum).<\/span><\/label><\/span><\/span><\/span><\/div>\n<div style=\"margin-bottom: 10px;\"><span class=\"wpcf7-form-control-wrap\" data-name=\"hourly\"><span class=\"wpcf7-form-control wpcf7-acceptance\"><span class=\"wpcf7-list-item\"><label><input type=\"checkbox\" name=\"hourly\" value=\"1\" aria-invalid=\"false\" \/><span class=\"wpcf7-list-item-label\">Je suis conscient qu'il s'agit d'un poste r\u00e9mun\u00e9r\u00e9 \u00e0 l'heure.<\/span><\/label><\/span><\/span><\/span><\/div>\n<div style=\"margin-bottom: 10px;\"><span class=\"wpcf7-form-control-wrap\" data-name=\"language\"><span class=\"wpcf7-form-control wpcf7-acceptance\"><span class=\"wpcf7-list-item\"><label><input type=\"checkbox\" name=\"language\" value=\"1\" aria-invalid=\"false\" \/><span class=\"wpcf7-list-item-label\">Je parle fran\u00e7ais et aussi anglais avec confiance.<\/span><\/label><\/span><\/span><\/span><\/div>\n<div style=\"margin-bottom: 10px;\"><span class=\"wpcf7-form-control-wrap\" data-name=\"Saturday\"><span class=\"wpcf7-form-control wpcf7-acceptance\"><span class=\"wpcf7-list-item\"><label><input type=\"checkbox\" name=\"Saturday\" value=\"1\" aria-invalid=\"false\" \/><span class=\"wpcf7-list-item-label\">Je suis disponible pour travailler au moins un samedi par mois.<\/span><\/label><\/span><\/span><\/span><\/div>\n<div style=\"margin-bottom: 10px;\"><span class=\"wpcf7-form-control-wrap\" data-name=\"residence\"><span class=\"wpcf7-form-control wpcf7-acceptance\"><span class=\"wpcf7-list-item\"><label><input type=\"checkbox\" name=\"residence\" value=\"1\" aria-invalid=\"false\" \/><span class=\"wpcf7-list-item-label\">Oui, je suis un r\u00e9sident suisse.<\/span><\/label><\/span><\/span><\/span><\/div>\n<div style=\"margin-bottom: 10px;\"><span class=\"wpcf7-form-control-wrap\" data-name=\"data\"><span class=\"wpcf7-form-control wpcf7-acceptance\"><span class=\"wpcf7-list-item\"><label><input type=\"checkbox\" name=\"data\" value=\"1\" aria-invalid=\"false\" \/><span class=\"wpcf7-list-item-label\">Oui, j'accepte que Select Photography GmbH puisse stocker et traiter mes donn\u00e9es personnelles. Pour plus d'informations, veuillez consulter notre politique de confidentialit\u00e9.<\/span><\/label><\/span><\/span><\/span><\/div><div class=\"cf7mls-btns \"><button type=\"button\" class=\"cf7mls_next cf7mls_btn action-button\" name=\"cf7mls_next\" id=\"cf7mls-next-btn-cf7mls_step-1\">weiter<img decoding=\"async\" src=\"https:\/\/select-fotostudio.ch\/wp-content\/plugins\/ninjateam-cf7-multi-step-pro\/assets\/frontend\/img\/loader.svg\" alt=\"Step Loading\" data-lazy-src=\"https:\/\/select-fotostudio.ch\/wp-content\/plugins\/ninjateam-cf7-multi-step-pro\/assets\/frontend\/img\/loader.svg\" style=\"display: none;\" data-lazy- title=\"\"><\/button><\/div><p><\/p><\/fieldset><fieldset class=\"fieldset-cf7mls\"><div id=\"Step 2\">\n    <h5 class=\"formular-headlines\" style=\"text-decoration: underline; text-underline-offset: 0.2em; text-decoration-thickness:3px; margin-bottom: 10px;\">Informations personnelles<\/h5>\n\n    <label for=\"yourname\"><strong>Nom complet<\/strong><\/label><br>    <span class=\"wpcf7-form-control-wrap\" data-name=\"yourname\"><input size=\"40\" maxlength=\"400\" class=\"wpcf7-form-control wpcf7-text wpcf7-validates-as-required\" aria-required=\"true\" aria-invalid=\"false\" value=\"\" type=\"text\" name=\"yourname\" \/><\/span>  \n    <br><br>\n    <label for=\"your-email\"><strong>Adresse \u00e9lectronique<\/strong><\/label><br>    <span class=\"wpcf7-form-control-wrap\" data-name=\"your-email\"><input size=\"40\" maxlength=\"400\" class=\"wpcf7-form-control wpcf7-email wpcf7-validates-as-required wpcf7-text wpcf7-validates-as-email\" aria-required=\"true\" aria-invalid=\"false\" value=\"\" type=\"email\" name=\"your-email\" \/><\/span>  \n    <br><br>\n    <label for=\"your-strasse\"><strong>Num\u00e9ro de rue et de maison<\/strong><\/label><br>    <span class=\"wpcf7-form-control-wrap\" data-name=\"your-strasse\"><input size=\"40\" maxlength=\"400\" class=\"wpcf7-form-control wpcf7-text wpcf7-validates-as-required\" aria-required=\"true\" aria-invalid=\"false\" value=\"\" type=\"text\" name=\"your-strasse\" \/><\/span>  \n    <br><br>\n    <label for=\"your-plz\"><strong>Code postal<\/strong><\/label><br>    <span class=\"wpcf7-form-control-wrap\" data-name=\"your-plz\"><input size=\"40\" maxlength=\"400\" class=\"wpcf7-form-control wpcf7-text wpcf7-validates-as-required\" aria-required=\"true\" aria-invalid=\"false\" value=\"\" type=\"text\" name=\"your-plz\" \/><\/span>  \n    <br><br>\n    <label for=\"your-stadt\"><strong>City<\/strong><\/label><br>    <span class=\"wpcf7-form-control-wrap\" data-name=\"your-stadt\"><input size=\"40\" maxlength=\"400\" class=\"wpcf7-form-control wpcf7-text wpcf7-validates-as-required\" aria-required=\"true\" aria-invalid=\"false\" value=\"\" type=\"text\" name=\"your-stadt\" \/><\/span>  \n    <br><br>\n    <label for=\"instagram\"><strong>Profils Instagram (facultatif)<\/strong><\/label><br>    <span class=\"wpcf7-form-control-wrap\" data-name=\"instagram\"><input size=\"40\" maxlength=\"400\" class=\"wpcf7-form-control wpcf7-text\" aria-invalid=\"false\" value=\"\" type=\"text\" name=\"instagram\" \/><\/span>  \n    <br><br>\n    <label for=\"handynr\"><strong>Num\u00e9ro de mobile<\/strong><\/label><br>    <span class=\"wpcf7-form-control-wrap\" data-name=\"handynr\"><input size=\"40\" maxlength=\"400\" class=\"wpcf7-form-control wpcf7-text wpcf7-validates-as-required\" aria-required=\"true\" aria-invalid=\"false\" value=\"\" type=\"text\" name=\"handynr\" \/><\/span>  \n    <br><br>\n    <label for=\"Sprache\"><strong>Quelles sont les langues que vous parlez couramment ?<\/strong><\/label><br>    <span class=\"wpcf7-form-control-wrap\" data-name=\"Sprache\"><select class=\"wpcf7-form-control wpcf7-select wpcf7-validates-as-required\" aria-required=\"true\" aria-invalid=\"false\" name=\"Sprache\"><option value=\"\">&#8212;Veuillez choisir une option&#8212;<\/option><option value=\"Fran\u00e7ais\">Fran\u00e7ais<\/option><option value=\"French &amp; English\">French &amp; English<\/option><option value=\"Fran\u00e7ais, anglais &amp; allemand\">Fran\u00e7ais, anglais &amp; allemand<\/option><\/select><\/span>  \n    <br><br>\n    <h5 class=\"formular-headlines\" style=\"text-decoration: underline; text-underline-offset: 0.2em; text-decoration-thickness:3px; margin-bottom: 10px;\">Lieu de travail<\/h5>\n\n    <label for=\"StudiosAuswahl\"><strong>Lieu de travail pr\u00e9f\u00e9r\u00e9<\/strong><\/label><br>    <span class=\"wpcf7-form-control-wrap\" data-name=\"StudiosAuswahl\"><span class=\"wpcf7-form-control wpcf7-radio\"><span class=\"wpcf7-list-item first last\"><label><input type=\"radio\" name=\"StudiosAuswahl\" value=\"Gen\u00e8ve\" checked=\"checked\" \/><span class=\"wpcf7-list-item-label\">Gen\u00e8ve<\/span><\/label><\/span><\/span><\/span>  \n    <br><br>\n    <label for=\"distanzstudio\"><strong>En combien de minutes de transports publics vivez-vous de la gare centrale de Gen\u00e8ve ?<\/strong><\/label><br>    <span class=\"wpcf7-form-control-wrap\" data-name=\"distanzstudio\"><input size=\"40\" maxlength=\"400\" class=\"wpcf7-form-control wpcf7-text\" aria-invalid=\"false\" value=\"\" type=\"text\" name=\"distanzstudio\" \/><\/span>  \n<\/div><div class=\"cf7mls-btns \"><button type=\"button\" class=\"cf7mls_back action-button\" name=\"cf7mls_back\" id=\"cf7mls-back-btn-cf7mls_step-2\">retour<\/button><button type=\"button\" class=\"cf7mls_next cf7mls_btn action-button\" name=\"cf7mls_next\" id=\"cf7mls-next-btn-cf7mls_step-2\">continuer<img decoding=\"async\" src=\"https:\/\/select-fotostudio.ch\/wp-content\/plugins\/ninjateam-cf7-multi-step-pro\/assets\/frontend\/img\/loader.svg\" alt=\"Step Loading\" data-lazy-src=\"https:\/\/select-fotostudio.ch\/wp-content\/plugins\/ninjateam-cf7-multi-step-pro\/assets\/frontend\/img\/loader.svg\" style=\"display: none;\" data-lazy- title=\"\"><\/button><\/div><p><\/p><\/fieldset><fieldset class=\"fieldset-cf7mls\"><div id=\"Step 3\">\n<h5 class=\"formular-headlines\" style=\"text-decoration: underline; text-underline-offset: 0.2em; text-decoration-thickness:3px;\">Vos documents de demande<\/h5>\n<br><p><strong>Veuillez t\u00e9l\u00e9charger les documents suivants :<\/strong> format PDF \/ JPG, max. 5 m\u00e9gaoctets par fichier <\/p>\n<label>Votre CV<\/label>\n<span class=\"wpcf7-form-control-wrap\" data-name=\"file-cv\"><input size=\"40\" class=\"wpcf7-form-control wpcf7-file\" accept=\".pdf\" aria-invalid=\"false\" type=\"file\" name=\"file-cv\" \/><\/span>\n<br><label>Your Cover Letter<\/label>\n<span class=\"wpcf7-form-control-wrap\" data-name=\"file-mot\"><input size=\"40\" class=\"wpcf7-form-control wpcf7-file\" accept=\".pdf\" aria-invalid=\"false\" type=\"file\" name=\"file-mot\" \/><\/span>\n<br><label>Votre photo d'application<\/label>\n<span class=\"wpcf7-form-control-wrap\" data-name=\"file-foto\"><input size=\"40\" class=\"wpcf7-form-control wpcf7-file\" accept=\".jpg\" aria-invalid=\"false\" type=\"file\" name=\"file-foto\" \/><\/span>\n<br>\n<p>Vous pouvez fournir un lien vers votre portfolio ici (de pr\u00e9f\u00e9rence des photos de portrait), par exemple, votre site web, un lien Dropbox, un lien WeTransfer, etc.<\/p>\n<span class=\"wpcf7-form-control-wrap\" data-name=\"portfolio\"><input size=\"40\" maxlength=\"400\" class=\"wpcf7-form-control wpcf7-url wpcf7-text wpcf7-validates-as-url\" aria-invalid=\"false\" placeholder=\"www.examplelink.com\" value=\"\" type=\"url\" name=\"portfolio\" \/><\/span>\n\n<br><\/div><div class=\"cf7mls-btns \"><button type=\"button\" class=\"cf7mls_back action-button\" name=\"cf7mls_back\" id=\"cf7mls-back-btn-cf7mls_step-3\">retour<\/button><button type=\"button\" class=\"cf7mls_next cf7mls_btn action-button\" name=\"cf7mls_next\" id=\"cf7mls-next-btn-cf7mls_step-3\">continuer<img decoding=\"async\" src=\"https:\/\/select-fotostudio.ch\/wp-content\/plugins\/ninjateam-cf7-multi-step-pro\/assets\/frontend\/img\/loader.svg\" alt=\"Step Loading\" data-lazy-src=\"https:\/\/select-fotostudio.ch\/wp-content\/plugins\/ninjateam-cf7-multi-step-pro\/assets\/frontend\/img\/loader.svg\" style=\"display: none;\" data-lazy- title=\"\"><\/button><\/div><p><\/p><\/fieldset><fieldset class=\"fieldset-cf7mls\"><div id=\"Step 4\">\n<h5 class=\"formular-headlines\" style=\"text-decoration: underline; text-underline-offset: 0.2em; text-decoration-thickness:3px;\">Autres questions \u00e0 propos de vous<\/h5>\n<br>\n<label>  Quelle est votre disponibilit\u00e9 ?  <\/label>\n(quels sont les jours o\u00f9 vous pouvez travailler et quels sont les jours o\u00f9 vous avez d'autres obligations ?)\n    <span class=\"wpcf7-form-control-wrap\" data-name=\"your-time\"><textarea cols=\"40\" rows=\"4\" maxlength=\"2000\" class=\"wpcf7-form-control wpcf7-textarea\" aria-invalid=\"false\" name=\"your-time\"><\/textarea><\/span> \n<br><label>  Pouvez-vous travailler plusieurs samedis par mois de 9 AM \u00e0 6 PM ?<\/label>\n    <span class=\"wpcf7-form-control-wrap\" data-name=\"samstag\"><textarea cols=\"40\" rows=\"4\" maxlength=\"2000\" class=\"wpcf7-form-control wpcf7-textarea\" aria-invalid=\"false\" name=\"samstag\"><\/textarea><\/span> \n<br><label>  Dans quelles autres entreprises \u00eates-vous actuellement employ\u00e9(e), ou avez-vous \u00e9t\u00e9 employ\u00e9(e) au cours des 6 derniers mois ?<\/label>\n    <span class=\"wpcf7-form-control-wrap\" data-name=\"your-history\"><textarea cols=\"40\" rows=\"4\" maxlength=\"2000\" class=\"wpcf7-form-control wpcf7-textarea\" aria-invalid=\"false\" name=\"your-history\"><\/textarea><\/span>\n<br><label>\u00cates-vous actuellement inscrit aupr\u00e8s d'un bureau de ch\u00f4mage ?<\/label>\n    <span class=\"wpcf7-form-control-wrap\" data-name=\"your-rav\"><textarea cols=\"40\" rows=\"4\" maxlength=\"2000\" class=\"wpcf7-form-control wpcf7-textarea\" aria-invalid=\"false\" name=\"your-rav\"><\/textarea><\/span>\n<br><label>Quel type de permis de r\u00e9sidence d\u00e9tenez-vous ?<\/label>\n    <span class=\"wpcf7-form-control-wrap\" data-name=\"your-permit\"><textarea cols=\"40\" rows=\"4\" maxlength=\"2000\" class=\"wpcf7-form-control wpcf7-textarea\" aria-invalid=\"false\" name=\"your-permit\"><\/textarea><\/span>\n<br><label>\u00cates-vous employ\u00e9(e) ou dirigez-vous un autre studio photo ?<\/label>\n    <span class=\"wpcf7-form-control-wrap\" data-name=\"your-studio\"><textarea cols=\"40\" rows=\"4\" maxlength=\"2000\" class=\"wpcf7-form-control wpcf7-textarea\" aria-invalid=\"false\" name=\"your-studio\"><\/textarea><\/span>\n<br><label>Tout autre \u00e9l\u00e9ment que vous souhaiteriez mentionner :<\/label>\n    <span class=\"wpcf7-form-control-wrap\" data-name=\"your-message\"><textarea cols=\"40\" rows=\"4\" maxlength=\"2000\" class=\"wpcf7-form-control wpcf7-textarea\" aria-invalid=\"false\" name=\"your-message\"><\/textarea><\/span>\n\n<input class=\"wpcf7-form-control wpcf7-submit has-spinner\" id=\"senden-button\" type=\"submit\" value=\"Appliquer maintenant\" \/><div class=\"cf7mls-btns cf7mls-btns-last-step\"><button type=\"button\" class=\"cf7mls_back action-button\" name=\"cf7mls_back\" id=\"cf7mls-back-btn-cf7mls_step-4\">retour<\/button><button type=\"button\" style=\"display: none;\" class=\"cf7mls_next cf7mls_btn action-button\" name=\"cf7mls_next\" id=\"cf7mls-next-btn-cf7mls_step-4\"><img decoding=\"async\" src=\"https:\/\/select-fotostudio.ch\/wp-content\/plugins\/ninjateam-cf7-multi-step-pro\/assets\/frontend\/img\/loader.svg\" alt=\"Step Loading\" data-lazy-src=\"https:\/\/select-fotostudio.ch\/wp-content\/plugins\/ninjateam-cf7-multi-step-pro\/assets\/frontend\/img\/loader.svg\" style=\"display: none;\" data-lazy- title=\"\"><\/button><\/fieldset><\/div><input type='hidden' class='wpcf7-pum' value='{\"closepopup\":false,\"closedelay\":0,\"openpopup\":false,\"openpopup_id\":0}' \/><div class=\"wpcf7-response-output\" aria-hidden=\"true\"><\/div>\n<\/form>\n<\/div>\n<\/div>[\/vc_column_inner][\/vc_row_inner][\/vc_column][vc_column width=&#8221;1\/3&#8243;][vc_column_text css=&#8221;.vc_custom_1739916373163{margin-left: 35px !important;}&#8221;]<\/p>\n<h2 style=\"color: #000;\">bon \u00e0 savoir<\/h2>\n<p class=\"p1\">Si vous avez des questions, vous pouvez nous contacter \u00e0 l&#8217;adresse work@select-fotostudio.ch.<\/p>\n<p class=\"p1\"><span style=\"color: #800000;\">Notre \u00e9quipe de bureau ne peut pas fournir d&#8217;informations sur les questions RH par t\u00e9l\u00e9phone.  <strong>Veuillez nous contacter par e-mail uniquement.<\/strong><\/span><\/p>\n<p>[\/vc_column_text][\/vc_column][\/vc_row][\/vc_section]<\/p>\n<\/div>","protected":false},"excerpt":{"rendered":"<p>[vc_section bklyn_overlay=&#8221;true&#8221; css=&#8221;.vc_custom_1716980757367{margin-top: 0px !important;margin-right: 0px !important;margin-bottom: 0px !important;padding-top: 0px !important;padding-right: 0px !important;padding-bottom: 0px !important;background-color: #fedb78 !important;}&#8221;][vc_row full_width=&#8221;stretch_row_content_no_spaces&#8221; gap=&#8221;1&#8243; equal_height=&#8221;yes&#8221; content_placement=&#8221;middle&#8221; css=&#8221;.vc_custom_1581444687233{margin-right: 0px !important;margin-bottom: 0px !important;padding-right: 0px !important;padding-bottom: 0px !important;}&#8221;][vc_column width=&#8221;1\/2&#8243; offset=&#8221;vc_col-lg-offset-2 vc_col-lg-4 vc_col-md-offset-2 vc_col-md-4 vc_col-sm-offset-2 vc_col-sm-8 vc_col-xs-offset-2 vc_col-xs-8&#8243;][vc_empty_space height=&#8221;30px&#8221; tablet_height=&#8221;110px&#8221; mobile_height=&#8221;130px&#8221;][vc_column_text] demande en ligne Nous nous r\u00e9jouissons de recevoir votre candidature courte et motiv\u00e9e. [&hellip;]<\/p>\n","protected":false},"author":2,"featured_media":0,"parent":0,"menu_order":0,"comment_status":"closed","ping_status":"closed","template":"","meta":{"footnotes":""},"class_list":["post-7559","page","type-page","status-publish","hentry"],"_links":{"self":[{"href":"https:\/\/select-fotostudio.ch\/fr\/wp-json\/wp\/v2\/pages\/7559","targetHints":{"allow":["GET"]}}],"collection":[{"href":"https:\/\/select-fotostudio.ch\/fr\/wp-json\/wp\/v2\/pages"}],"about":[{"href":"https:\/\/select-fotostudio.ch\/fr\/wp-json\/wp\/v2\/types\/page"}],"author":[{"embeddable":true,"href":"https:\/\/select-fotostudio.ch\/fr\/wp-json\/wp\/v2\/users\/2"}],"replies":[{"embeddable":true,"href":"https:\/\/select-fotostudio.ch\/fr\/wp-json\/wp\/v2\/comments?post=7559"}],"version-history":[{"count":0,"href":"https:\/\/select-fotostudio.ch\/fr\/wp-json\/wp\/v2\/pages\/7559\/revisions"}],"wp:attachment":[{"href":"https:\/\/select-fotostudio.ch\/fr\/wp-json\/wp\/v2\/media?parent=7559"}],"curies":[{"name":"wp","href":"https:\/\/api.w.org\/{rel}","templated":true}]}}