{"id":7639,"date":"2025-03-28T09:20:23","date_gmt":"2025-03-28T09:20:23","guid":{"rendered":"https:\/\/select-fotostudio.ch\/uzh-careerservices\/"},"modified":"2025-04-08T09:28:11","modified_gmt":"2025-04-08T09:28:11","slug":"uzh-careerservices","status":"publish","type":"page","link":"https:\/\/select-fotostudio.ch\/fr\/uzh-careerservices\/","title":{"rendered":"Photos de candidature avec r\u00e9duction pour les \u00e9tudiants !"},"content":{"rendered":"<div class=\"wpb-content-wrapper\"><p>[vc_section el_class=&#8221;team-gallery&#8221; css=&#8221;.vc_custom_1580828530947{margin-bottom: 0px !important;padding-bottom: 0px !important;}&#8221;][vc_row][vc_column width=&#8221;1\/4&#8243;][vc_separator color=&#8221;custom&#8221; align=&#8221;align_left&#8221; border_width=&#8221;3&#8243; el_width=&#8221;10&#8243; accent_color=&#8221;#ffcd00&#8243;]<div  class=\"wpb_content_element   clearfix\"><style type=\"text\/css\">#ut_am_69f8d666afbff { opacity: 1; }#ut_am_wrap_69f8d666afc00 .ut-image-gallery-item-caption-title h3 { letter-spacing: 0em; }#ut_am_wrap_69f8d666afc00 .ut-gallery-slider-caption { font-weight: bold; }#ut_am_wrap_69f8d666afc00 { text-align: left; }@media (min-width: 768px) and (max-width: 1024px) { #ut_am_wrap_69f8d666afc00 { text-align: left !important; } }@media (max-width: 767px) { #ut_am_wrap_69f8d666afc00 { text-align: center !important; } }<\/style><div id=\"ut_am_wrap_69f8d666afc00\" class=\"ut-image-gallery-image \"><div id=\"ut_reveal_69f8d666afc01\"  data-appear-top-offset=\"auto\" class=\"ut-animated-image-item ut-image-gallery-item ut-animation-done \"><a class=\"ut-deactivated-link\" href=\"#\"><div class=\"ut-animated-image-zoom\"><img decoding=\"async\" class=\"ut-lazy skip-lazy ut-animated-image \" id=\"ut_am_69f8d666afbff\" src=\"data:image\/svg+xml;charset=utf-8,%3Csvg xmlns%3D&#039;http%3A%2F%2Fwww.w3.org%2F2000%2Fsvg&#039; viewBox%3D&#039;0 0 966 297&#039;%2F%3E\" data-src=\"https:\/\/select-fotostudio.ch\/wp-content\/uploads\/2022\/10\/cropped-uzh_logo_d_pos_klein_transparent.png\" width=\"966\" height=\"297\" alt=\"\" title=\"\"><\/div><\/a><\/div><\/div><\/div>[vc_empty_space height=&#8221;50px&#8221;][\/vc_column][vc_column width=&#8221;3\/4&#8243;][vc_separator color=&#8221;custom&#8221; align=&#8221;align_left&#8221; border_width=&#8221;3&#8243; el_width=&#8221;10&#8243; accent_color=&#8221;#ffcd00&#8243;][vc_column_text]<\/p>\n<h2><strong>Career Services de l&#8217;Universit\u00e9 de Zurich<\/strong><\/h2>\n<h4>vous offre une photo de candidature professionnelle<br \/>\n<strong><span style=\"color: #ff0000;\">pour 29 CHF au lieu de 49 CHF !<\/span><\/strong><\/h4>\n<p>[\/vc_column_text][vc_empty_space height=&#8221;70px&#8221;][\/vc_column][\/vc_row][\/vc_section][vc_section css=&#8221;.vc_custom_1665095736075{background-color: #505050 !important;}&#8221;][vc_row][vc_column][vc_empty_space][vc_separator color=&#8221;custom&#8221; align=&#8221;align_left&#8221; border_width=&#8221;3&#8243; el_width=&#8221;10&#8243; accent_color=&#8221;#ffcd00&#8243;][vc_column_text]<\/p>\n<h2 style=\"text-align: left;\"><span style=\"color: #ffffff;\">Votre s\u00e9ance photo personnelle<\/span><\/h2>\n<p>[\/vc_column_text][\/vc_column][\/vc_row][vc_row gap=&#8221;15&#8243;][vc_column width=&#8221;1\/4&#8243;]<div  class=\"wpb_content_element   clearfix\"><style type=\"text\/css\">#ut_am_69f8d666b02be { opacity: 1; }#ut_am_wrap_69f8d666b02bf .ut-image-gallery-item-caption-title h3 { letter-spacing: 0em; }#ut_am_wrap_69f8d666b02bf .ut-gallery-slider-caption { font-weight: bold; }#ut_am_wrap_69f8d666b02bf { text-align: left; }@media (min-width: 768px) and (max-width: 1024px) { #ut_am_wrap_69f8d666b02bf { text-align: left !important; } }@media (max-width: 767px) { #ut_am_wrap_69f8d666b02bf { text-align: center !important; } }<\/style><div id=\"ut_am_wrap_69f8d666b02bf\" class=\"ut-image-gallery-image \"><div id=\"ut_reveal_69f8d666b02c0\"  data-appear-top-offset=\"auto\" class=\"ut-animated-image-item ut-image-gallery-item ut-animation-done \"><a class=\"ut-deactivated-link\" href=\"#\"><div class=\"ut-animated-image-zoom\"><img decoding=\"async\" class=\"ut-lazy skip-lazy ut-animated-image \" id=\"ut_am_69f8d666b02be\" src=\"data:image\/svg+xml;charset=utf-8,%3Csvg xmlns%3D&#039;http%3A%2F%2Fwww.w3.org%2F2000%2Fsvg&#039; viewBox%3D&#039;0 0 501 501&#039;%2F%3E\" data-src=\"https:\/\/select-fotostudio.ch\/wp-content\/uploads\/2023\/03\/student2.jpg\" width=\"501\" height=\"501\" alt=\"\" title=\"\"><\/div><\/a><\/div><\/div><\/div>[\/vc_column][vc_column width=&#8221;1\/4&#8243;]<div  class=\"wpb_content_element   clearfix\"><style type=\"text\/css\">#ut_am_69f8d666b0813 { opacity: 1; }#ut_am_wrap_69f8d666b0814 .ut-image-gallery-item-caption-title h3 { letter-spacing: 0em; }#ut_am_wrap_69f8d666b0814 .ut-gallery-slider-caption { font-weight: bold; }#ut_am_wrap_69f8d666b0814 { text-align: center; }@media (min-width: 768px) and (max-width: 1024px) { #ut_am_wrap_69f8d666b0814 { text-align: center !important; } }@media (max-width: 767px) { #ut_am_wrap_69f8d666b0814 { text-align: center !important; } }<\/style><div id=\"ut_am_wrap_69f8d666b0814\" class=\"ut-image-gallery-image \"><div id=\"ut_reveal_69f8d666b0815\"  data-appear-top-offset=\"auto\" class=\"ut-animated-image-item ut-image-gallery-item ut-animation-done \"><a class=\"ut-deactivated-link\" href=\"#\"><div class=\"ut-animated-image-zoom\"><img decoding=\"async\" class=\"ut-lazy skip-lazy ut-animated-image \" id=\"ut_am_69f8d666b0813\" src=\"data:image\/svg+xml;charset=utf-8,%3Csvg xmlns%3D&#039;http%3A%2F%2Fwww.w3.org%2F2000%2Fsvg&#039; viewBox%3D&#039;0 0 501 501&#039;%2F%3E\" data-src=\"https:\/\/select-fotostudio.ch\/wp-content\/uploads\/2023\/03\/Student1.jpg\" width=\"501\" height=\"501\" alt=\"\" title=\"\"><\/div><\/a><\/div><\/div><\/div>[\/vc_column][vc_column width=&#8221;1\/2&#8243; css=&#8221;.vc_custom_1687862603734{padding-left: 50px !important;background-color: #ffffff !important;}&#8221;][vc_column_text]<span style=\"color: #000000;\"><strong>La premi\u00e8re impression lors d&#8217;une candidature est d\u00e9cisive !<\/strong><\/span><\/p>\n<p><span style=\"color: #000000;\">Si vous pensez qu&#8217;une simple photo d&#8217;identit\u00e9 suffit comme photo de candidature, vous vous trompez lourdement. Une photo de candidature ne sert pas exclusivement \u00e0 l&#8217;identification, mais plut\u00f4t <strong>\u00e0 la pr\u00e9sentation<\/strong>. <strong>Une image en dit parfois plus que 1000 mots<\/strong>. Avec une photo de candidature, l&#8217;entreprise que vous convoitez se fait une premi\u00e8re impression de vous et vous pouvez, dans l&#8217;id\u00e9al, <strong>gagner<\/strong> directement en <strong>sympathie<\/strong>. Une <strong>photo professionnelle vous montre \u00e9galement<\/strong> sous votre meilleur jour <strong>sur Linked In<\/strong> et Xing !   <\/span>[\/vc_column_text]<div class=\"wpb_content_element \"><style class=\"bklyn-inline-styles\" type=\"text\/css\">#ut_fl_69f8d666b11a0069236500.bklyn-fancy-list { font-size: 15px !important; }#ut_fl_69f8d666b11a0069236500.bklyn-fancy-list { line-height: 28px !important; }#ut_fl_69f8d666b11a0069236500 .fa { color: #000000; }#ut_fl_69f8d666b11a0069236500 a .fa { color: #000000; }#ut_fl_69f8d666b11a0069236500 a:visited .fa { color: #000000; }#ut_fl_69f8d666b11a0069236500 { color: #000000; }#ut_fl_69f8d666b11a0069236500 a { color: #000000; }#ut_fl_69f8d666b11a0069236500 a:visited { color: #000000; }<\/style><div id=\"ut_fl_69f8d666b11a0069236500\" class=\"bklyn-fancy-list  bklyn-fancy-list-left bklyn-fancy-list-tablet-left bklyn-fancy-list-mobile-center\"><ul class=\"bklyn-list bklyn-list-style-none\" data-appear-top-offset=\"almost\"><li class=\"bklyn-list-item-space-xsmall bklyn-fancy-list-item-has-icon bklyn-fancy-list-item-has-icon-center\"><i class=\"fa fa-check\"><\/i><div class=\"bklyn-fancy-list-content\"><span>  Dur\u00e9e du shooting : environ 5 minutes<\/span><\/div><\/a><\/li><li class=\"bklyn-list-item-space-xsmall bklyn-fancy-list-item-has-icon bklyn-fancy-list-item-has-icon-center\"><i class=\"fa fa-check\"><\/i><div class=\"bklyn-fancy-list-content\"><span>5 photos d'environ 30<\/span><\/div><\/a><\/li><li class=\"bklyn-list-item-space-xsmall bklyn-fancy-list-item-has-icon bklyn-fancy-list-item-has-icon-center\"><i class=\"fa fa-flag\"><\/i><div class=\"bklyn-fancy-list-content\"><span>Droits d'utilisation priv\u00e9e uniquement<\/span><\/div><\/a><\/li><\/ul><\/div><\/div><style type=\"text\/css\">#bklyn_btn_69f8d666b1241 .bklyn-btn { color:#0a0a0a !important; }<\/style><div id=\"bklyn_btn_69f8d666b1241\" class=\"bklyn-btn-holder  bklyn-btn-center bklyn-btn-tablet-center bklyn-btn-mobile-center\"><a title=\"\"   href=\"https:\/\/business.select-fotostudio.ch\/wp-content\/uploads\/sites\/14\/2020\/11\/Styleguide_Select_de.pdf\" target=\"_self\" class=\"bklyn-btn  bklyn-btn-small\" ><span class=\"ut-btn-text\">Guide de style pour les personnes qui se sentent appartenir au sexe f\u00e9minin<\/span><\/a><\/div><style type=\"text\/css\">#bklyn_btn_69f8d666b12a6 .bklyn-btn { color:#0a0a0a !important; }<\/style><div id=\"bklyn_btn_69f8d666b12a6\" class=\"bklyn-btn-holder  bklyn-btn-center bklyn-btn-tablet-center bklyn-btn-mobile-center\"><a title=\"\"   href=\"https:\/\/business.select-fotostudio.ch\/wp-content\/uploads\/sites\/14\/2020\/11\/Styleguide_Select_de.pdf\" target=\"_self\" class=\"bklyn-btn  bklyn-btn-small\" ><span class=\"ut-btn-text\">Guide de style pour les personnes qui se sentent appartenir au sexe masculin<\/span><\/a><\/div>[\/vc_column][\/vc_row][vc_row][vc_column][vc_empty_space height=&#8221;40&#8243;][\/vc_column][\/vc_row][\/vc_section][vc_section][vc_row][vc_column][vc_empty_space][vc_separator color=&#8221;custom&#8221; align=&#8221;align_left&#8221; border_width=&#8221;3&#8243; el_width=&#8221;10&#8243; accent_color=&#8221;#ffcd00&#8243;][vc_column_text]<\/p>\n<h2>R\u00e9servez en ligne d\u00e8s maintenant<\/h2>\n<h4>Choisissez facilement la date qui vous convient en ligne.<\/h4>\n<p>[\/vc_column_text][vc_raw_html]PGlmcmFtZSBzcmM9Imh0dHBzOi8vd3d3LnRlcm1pbmxhbmQuZGUvY3YtZm90b3MvP2hhMTYzODEyMjEzMj0yMDU3OTYwNTY2Jm1vZGU9ZnJhbWUsY2xhc3NpYyZfZ2E9Mi4xOTQ4OTMwMjguODM1OTgwMTIuMTYwNDk5Nzg4NC0yMTE4NzQwNjQyLjE2MDQ2NjAwNTgiIHdpZHRoPSIxMDAlIiBoZWlnaHQ9IjEwMDBweCIgZnJhbWVib3JkZXI9IjAiIG1hcmdpbndpZHRoPSIwIiBtYXJnaW5oZWlnaHQ9IjAiIHNjcm9sbGluZz0ieWVzIj48YnI+Vm90cmUgbmF2aWdhdGV1ciBuZSBwZXV0IG1hbGhldXJldXNlbWVudCBwYXMgYWZmaWNoZXIgbGVzIGNhZHJlcyBpbnTDqWdyw6lzIDo8YnI+Vm91cyBwb3V2ZXogYWNjw6lkZXIgw6AgbGEgcsOpc2VydmF0aW9uIGRlIHJlbmRlei12b3VzIGVuIGxpZ25lIGVuIGNsaXF1YW50IHN1ciBsZSBsaWVuIHN1aXZhbnQgOjxicj48YSBocmVmPSJodHRwczovL3d3dy50ZXJtaW5sYW5kLmRlL2N2LWZvdG9zLz9oYTE2MzgxMjIxMzI9MjA1Nzk2MDU2NiIgdGFyZ2V0PSJfYmxhbmsiIHJlbD0ibm9vcGVuZXIiPlLDqXNlcnZhdGlvbiBkZSByZW5kZXotdm91cyBlbiBsaWduZTwvYT4mbmJzcDs8L3A+CjxwPiZuYnNwOzwvcD4KPHA+PC9pZnJhbWU+[\/vc_raw_html][\/vc_column][\/vc_row][\/vc_section]<\/p>\n<\/div>","protected":false},"excerpt":{"rendered":"<p>[vc_section el_class=&#8221;team-gallery&#8221; css=&#8221;.vc_custom_1580828530947{margin-bottom: 0px !important;padding-bottom: 0px !important;}&#8221;][vc_row][vc_column width=&#8221;1\/4&#8243;][vc_separator color=&#8221;custom&#8221; align=&#8221;align_left&#8221; border_width=&#8221;3&#8243; el_width=&#8221;10&#8243; accent_color=&#8221;#ffcd00&#8243;][vc_empty_space height=&#8221;50px&#8221;][\/vc_column][vc_column width=&#8221;3\/4&#8243;][vc_separator color=&#8221;custom&#8221; align=&#8221;align_left&#8221; border_width=&#8221;3&#8243; el_width=&#8221;10&#8243; accent_color=&#8221;#ffcd00&#8243;][vc_column_text] Career Services de l&#8217;Universit\u00e9 de Zurich vous offre une photo de candidature professionnelle pour 29 CHF au lieu de 49 CHF ! [\/vc_column_text][vc_empty_space height=&#8221;70px&#8221;][\/vc_column][\/vc_row][\/vc_section][vc_section css=&#8221;.vc_custom_1665095736075{background-color: #505050 !important;}&#8221;][vc_row][vc_column][vc_empty_space][vc_separator color=&#8221;custom&#8221; align=&#8221;align_left&#8221; border_width=&#8221;3&#8243; el_width=&#8221;10&#8243; accent_color=&#8221;#ffcd00&#8243;][vc_column_text] Votre s\u00e9ance photo [&hellip;]<\/p>\n","protected":false},"author":2,"featured_media":0,"parent":0,"menu_order":0,"comment_status":"closed","ping_status":"closed","template":"","meta":{"footnotes":""},"class_list":["post-7639","page","type-page","status-publish","hentry"],"_links":{"self":[{"href":"https:\/\/select-fotostudio.ch\/fr\/wp-json\/wp\/v2\/pages\/7639","targetHints":{"allow":["GET"]}}],"collection":[{"href":"https:\/\/select-fotostudio.ch\/fr\/wp-json\/wp\/v2\/pages"}],"about":[{"href":"https:\/\/select-fotostudio.ch\/fr\/wp-json\/wp\/v2\/types\/page"}],"author":[{"embeddable":true,"href":"https:\/\/select-fotostudio.ch\/fr\/wp-json\/wp\/v2\/users\/2"}],"replies":[{"embeddable":true,"href":"https:\/\/select-fotostudio.ch\/fr\/wp-json\/wp\/v2\/comments?post=7639"}],"version-history":[{"count":0,"href":"https:\/\/select-fotostudio.ch\/fr\/wp-json\/wp\/v2\/pages\/7639\/revisions"}],"wp:attachment":[{"href":"https:\/\/select-fotostudio.ch\/fr\/wp-json\/wp\/v2\/media?parent=7639"}],"curies":[{"name":"wp","href":"https:\/\/api.w.org\/{rel}","templated":true}]}}