{"id":8039,"date":"2025-03-28T09:23:46","date_gmt":"2025-03-28T09:23:46","guid":{"rendered":"https:\/\/select-fotostudio.ch\/impressum\/"},"modified":"2025-04-08T09:28:22","modified_gmt":"2025-04-08T09:28:22","slug":"impressum","status":"publish","type":"page","link":"https:\/\/select-fotostudio.ch\/fr\/impressum\/","title":{"rendered":"Mentions l\u00e9gales"},"content":{"rendered":"<div class=\"wpb-content-wrapper\"><p>[vc_section el_class=&#8221;team-gallery&#8221; css=&#8221;.vc_custom_1580828530947{margin-bottom: 0px !important;padding-bottom: 0px !important;}&#8221;][vc_row][vc_column][vc_empty_space height=&#8221;10px&#8221;][vc_separator color=&#8221;custom&#8221; align=&#8221;align_left&#8221; border_width=&#8221;3&#8243; el_width=&#8221;10&#8243; accent_color=&#8221;#ffcd00&#8243;][vc_column_text]<\/p>\n<h2 style=\"color: #000;\">mentions l\u00e9gales<\/h2>\n<h3 style=\"color: #000;\"><\/h3>\n<p>[\/vc_column_text][vc_raw_html css=&#8221;.vc_custom_1718271660237{margin-bottom: 0px !important;}&#8221;]W2VyZWNodDI0IHR5cGU9ImltcHJpbnQiIGxhbmc9ImRlIiBzdHJpcF90aXRsZT0idHJ1ZSJd[\/vc_raw_html][\/vc_column][\/vc_row][\/vc_section][vc_section disable_element=&#8221;yes&#8221;][vc_row][vc_column][vc_column_text]IMPRESSUM<\/p>\n<p>Responsabilit\u00e9 du contenu<\/p>\n<p>Select Photography GmbH<\/p>\n<p>53, rue de Louvain<\/p>\n<p>8001 Zurich<\/p>\n<p>Tous les contenus (textes, images, graphiques, fichiers vid\u00e9o et anim\u00e9s) du site<br \/>\nsont soumis \u00e0 la l\u00e9gislation suisse et au droit d&#8217;auteur<br \/>\n. Tous droits r\u00e9serv\u00e9s. <\/p>\n<p>Toute copie, distribution ou publication du contenu n\u00e9cessite l&#8217;autorisation \u00e9crite de Select Photography GmbH ou des d\u00e9tenteurs respectifs des droits d&#8217;auteur<br \/>\n. En outre, certains logos, marques verbales et<br \/>\nmarques figuratives sont prot\u00e9g\u00e9s par le droit des marques de tiers et ne peuvent pas \u00eatre utilis\u00e9s sans<br \/>\nleur accord. <\/p>\n<p>Ce site utilise Google Analytics. Les conditions d&#8217;utilisation sont visibles ici<br \/>\n. <\/p>\n<p>CR\u00c9ATION DU SITE WEB<\/p>\n<p><span style=\"color: #808080;\"><a style=\"color: #808080;\" href=\"https:\/\/das-kreativlabor.de\/\" target=\"_blank\" rel=\"noopener\">Le laboratoire cr\u00e9atif &#8211; Design m\u00e9dia<\/a><\/span><\/p>\n<p>AVIS DE NON-RESPONSABILIT\u00c9<\/p>\n<p>L&#8217;auteur ne donne aucune garantie quant \u00e0 l&#8217;exactitude, la pr\u00e9cision, l&#8217;actualit\u00e9, la fiabilit\u00e9 et l&#8217;exhaustivit\u00e9 du contenu<br \/>\ndes informations.<\/p>\n<p>L&#8217;auteur ne saurait \u00eatre tenu pour responsable des dommages mat\u00e9riels ou<br \/>\nimmat\u00e9riels qui pourraient \u00eatre caus\u00e9s par l&#8217;acc\u00e8s aux informations diffus\u00e9es ou par leur utilisation ou<br \/>\nnon-utilisation, par le mauvais usage de la connexion<br \/>\nou par des probl\u00e8mes techniques.<br \/>\n.<\/p>\n<p>Toutes les offres sont sans engagement. L&#8217;auteur se r\u00e9serve express\u00e9ment le droit<br \/>\nde modifier, de compl\u00e9ter ou de supprimer des parties de pages ou l&#8217;ensemble de l&#8217;offre sans pr\u00e9avis<br \/>\nou d&#8217;en suspendre temporairement<br \/>\nou d\u00e9finitivement la publication. <\/p>\n<p>RESPONSABILIT\u00c9 POUR LES LIENS<\/p>\n<p>Les renvois et liens vers des sites Internet de tiers ne rel\u00e8vent pas de notre responsabilit\u00e9<br \/>\n. Nous d\u00e9clinons toute responsabilit\u00e9 pour de tels sites web<br \/>\n. L&#8217;acc\u00e8s \u00e0 de tels sites et leur utilisation se font aux risques de l&#8217;utilisateur<br \/>\n.  <\/p>\n<p>DROITS D&#8217;URBANISME<\/p>\n<p>Les droits d&#8217;auteur et tous les autres droits li\u00e9s aux contenus, images, photos ou<br \/>\nautres fichiers pr\u00e9sents sur le site sont la propri\u00e9t\u00e9 exclusive de la soci\u00e9t\u00e9 Select<br \/>\nPhotography GmbH ou des titulaires de droits sp\u00e9cialement cit\u00e9s. Pour la reproduction<br \/>\nde tout \u00e9l\u00e9ment, l&#8217;autorisation \u00e9crite des d\u00e9tenteurs des droits d&#8217;auteur<br \/>\ndoit \u00eatre obtenue au pr\u00e9alable. <\/p>\n<p>PROTECTION DE LA VIE PRIV\u00c9E<\/p>\n<p>En vertu de l&#8217;article 13 de la Constitution f\u00e9d\u00e9rale suisse et des<br \/>\ndispositions f\u00e9d\u00e9rales relatives \u00e0 la protection des donn\u00e9es (loi sur la protection des donn\u00e9es, LPD),<br \/>\ntoute personne a droit \u00e0 la protection de sa vie priv\u00e9e ainsi qu&#8217;\u00e0 la protection contre<br \/>\nl&#8217;utilisation abusive de ses donn\u00e9es personnelles. Nous respectons ces dispositions.<br \/>\nLes donn\u00e9es personnelles sont trait\u00e9es de mani\u00e8re strictement confidentielle et ne sont ni vendues ni transmises \u00e0 des tiers<br \/>\n. <\/p>\n<p>En \u00e9troite collaboration avec nos h\u00e9bergeurs, nous nous effor\u00e7ons de prot\u00e9ger autant que possible les bases de donn\u00e9es<br \/>\ncontre l&#8217;acc\u00e8s par des tiers, les pertes, les abus<br \/>\nou la falsification.<\/p>\n<p>Lorsque vous acc\u00e9dez \u00e0 nos pages web, les donn\u00e9es suivantes sont enregistr\u00e9es dans des fichiers journaux<br \/>\n: Adresse IP, date, heure, requ\u00eate du navigateur et informations g\u00e9n\u00e9rales transmises par<br \/>\nsur le syst\u00e8me d&#8217;exploitation ou le navigateur. Ces donn\u00e9es d&#8217;utilisation<br \/>\nconstituent la base d&#8217;\u00e9valuations statistiques anonymes, de sorte<br \/>\nque des tendances puissent \u00eatre identifi\u00e9es, \u00e0 l&#8217;aide desquelles nous pouvons am\u00e9liorer nos offres en cons\u00e9quence<br \/>\n.  <\/p>\n<p>D\u00c9CLARATION DE CONFIDENTIALIT\u00c9 POUR L&#8217;UTILISATION DES PLUGINS FACEBOOK (BOUTON LIKE)<\/p>\n<p>Des plugins du r\u00e9seau social Facebook, 1601 South<br \/>\nCalifornia Avenue, Palo Alto, CA 94304, USA, sont int\u00e9gr\u00e9s \u00e0 nos pages. Les plugins Facebook<br \/>\nsont reconnaissables au logo Facebook ou au bouton &#8220;Like&#8221;<br \/>\n(&#8220;J&#8217;aime&#8221;) sur notre site. Vous trouverez un aper\u00e7u des plugins Facebook<br \/>\nici : http:\/\/developers.facebook.com\/docs\/plugins\/.  <\/p>\n<p>Lorsque vous visitez nos pages, une connexion directe<br \/>\nest \u00e9tablie entre votre navigateur et le serveur Facebook via le plugin.<br \/>\nFacebook est ainsi inform\u00e9 que vous avez visit\u00e9 notre site avec votre adresse IP<br \/>\n. Si vous cliquez sur le bouton &#8220;J&#8217;aime&#8221; de Facebook<br \/>\nalors que vous \u00eates connect\u00e9 \u00e0 votre compte Facebook, vous pouvez lier le contenu<br \/>\nde nos pages \u00e0 votre profil Facebook. Cela permet \u00e0<br \/>\nFacebook d&#8217;attribuer la visite de nos pages \u00e0 votre compte d&#8217;utilisateur. Nous attirons l&#8217;attention de<br \/>\nsur le fait qu&#8217;en tant que fournisseur des pages, nous n&#8217;avons pas connaissance du contenu des donn\u00e9es transmises \u00e0<br \/>\nni de leur utilisation par Facebook. Vous trouverez plus d&#8217;informations \u00e0 ce sujet sur<br \/>\ndans la d\u00e9claration de confidentialit\u00e9 de facebook<br \/>\n\u00e0 l&#8217;adresse https:\/\/www.facebook.com\/about\/privacy\/    <\/p>\n<p>Si vous ne souhaitez pas que Facebook puisse associer la visite de nos pages \u00e0 votre compte utilisateur<br \/>\nFacebook, veuillez vous d\u00e9connecter de votre compte utilisateur<br \/>\nFacebook.<\/p>\n<p>D\u00c9CLARATION DE CONFIDENTIALIT\u00c9 POUR L&#8217;UTILISATION DE GOOGLE ANALYTICS<\/p>\n<p>Ce site utilise Google Analytics, un service d&#8217;analyse de site internet fourni par Google<br \/>\nInc (&#8220;Google&#8221;). Google Analytics utilise des &#8220;cookies&#8221;, des fichiers texte,<br \/>\nqui sont stock\u00e9s sur votre ordinateur et qui permettent une analyse de l&#8217;utilisation du site<br \/>\npar vous. Les informations g\u00e9n\u00e9r\u00e9es par le cookie<br \/>\nconcernant votre utilisation de ce site Web sont g\u00e9n\u00e9ralement transmises \u00e0<br \/>\nun serveur de Google aux \u00c9tats-Unis et y sont stock\u00e9es.<br \/>\nDans le cas de l&#8217;activation de l&#8217;anonymisation IP sur ce site web,<br \/>\nvotre adresse IP sera toutefois abr\u00e9g\u00e9e par Google au sein des \u00c9tats membres de l&#8217;Union europ\u00e9enne<br \/>\nou dans d&#8217;autres \u00c9tats signataires de l&#8217;accord sur l&#8217;Espace \u00e9conomique europ\u00e9en<br \/>\n.    <\/p>\n<p>Ce n&#8217;est que dans des cas exceptionnels que l&#8217;adresse IP compl\u00e8te est transmise \u00e0 un serveur de Google<br \/>\naux \u00c9tats-Unis, o\u00f9 elle est abr\u00e9g\u00e9e. Google utilisera ces informations<br \/>\ndans le but d&#8217;\u00e9valuer votre utilisation du site, de compiler des rapports sur l&#8217;activit\u00e9 du site<br \/>\n\u00e0 destination de son \u00e9diteur et de fournir \u00e0<br \/>\nd&#8217;autres services relatifs \u00e0 l&#8217;activit\u00e9 du site et \u00e0 l&#8217;utilisation d&#8217;Internet<br \/>\n. Google est susceptible de communiquer ces informations<br \/>\n\u00e0 des tiers en cas d&#8217;obligation l\u00e9gale<br \/>\nou lorsque ces tiers traitent ces donn\u00e9es pour le compte de Google. L&#8217;adresse IP transmise par votre navigateur dans le cadre de<br \/>\nGoogle Analytics n&#8217;est pas<br \/>\nrecoup\u00e9e avec d&#8217;autres donn\u00e9es de Google.   <\/p>\n<p>Vous pouvez d\u00e9sactiver l&#8217;utilisation de cookies en s\u00e9lectionnant les param\u00e8tres appropri\u00e9s sur votre navigateur \u00e0 l&#8217;adresse<br \/>\n. Nous attirons toutefois votre attention sur le fait que vous ne pourrez alors pas utiliser toutes les fonctions de ce site Web (<br \/>\n). En utilisant ce site<br \/>\n, vous consentez express\u00e9ment au traitement de vos donn\u00e9es<br \/>\npar Google dans les conditions et pour les finalit\u00e9s d\u00e9crites ci-dessus<br \/>\n. [\/vc_column_text][\/vc_column][\/vc_row][\/vc_section]<\/p>\n<\/div>","protected":false},"excerpt":{"rendered":"<p>[vc_section el_class=&#8221;team-gallery&#8221; css=&#8221;.vc_custom_1580828530947{margin-bottom: 0px !important;padding-bottom: 0px !important;}&#8221;][vc_row][vc_column][vc_empty_space height=&#8221;10px&#8221;][vc_separator color=&#8221;custom&#8221; align=&#8221;align_left&#8221; border_width=&#8221;3&#8243; el_width=&#8221;10&#8243; accent_color=&#8221;#ffcd00&#8243;][vc_column_text] mentions l\u00e9gales [\/vc_column_text][vc_raw_html css=&#8221;.vc_custom_1718271660237{margin-bottom: 0px !important;}&#8221;]W2VyZWNodDI0IHR5cGU9ImltcHJpbnQiIGxhbmc9ImRlIiBzdHJpcF90aXRsZT0idHJ1ZSJd[\/vc_raw_html][\/vc_column][\/vc_row][\/vc_section][vc_section disable_element=&#8221;yes&#8221;][vc_row][vc_column][vc_column_text]IMPRESSUM Responsabilit\u00e9 du contenu Select Photography GmbH 53, rue de Louvain 8001 Zurich Tous les contenus (textes, images, graphiques, fichiers vid\u00e9o et anim\u00e9s) du site sont soumis \u00e0 la l\u00e9gislation suisse et au droit d&#8217;auteur . [&hellip;]<\/p>\n","protected":false},"author":1,"featured_media":0,"parent":0,"menu_order":0,"comment_status":"closed","ping_status":"closed","template":"","meta":{"footnotes":""},"class_list":["post-8039","page","type-page","status-publish","hentry"],"_links":{"self":[{"href":"https:\/\/select-fotostudio.ch\/fr\/wp-json\/wp\/v2\/pages\/8039","targetHints":{"allow":["GET"]}}],"collection":[{"href":"https:\/\/select-fotostudio.ch\/fr\/wp-json\/wp\/v2\/pages"}],"about":[{"href":"https:\/\/select-fotostudio.ch\/fr\/wp-json\/wp\/v2\/types\/page"}],"author":[{"embeddable":true,"href":"https:\/\/select-fotostudio.ch\/fr\/wp-json\/wp\/v2\/users\/1"}],"replies":[{"embeddable":true,"href":"https:\/\/select-fotostudio.ch\/fr\/wp-json\/wp\/v2\/comments?post=8039"}],"version-history":[{"count":0,"href":"https:\/\/select-fotostudio.ch\/fr\/wp-json\/wp\/v2\/pages\/8039\/revisions"}],"wp:attachment":[{"href":"https:\/\/select-fotostudio.ch\/fr\/wp-json\/wp\/v2\/media?parent=8039"}],"curies":[{"name":"wp","href":"https:\/\/api.w.org\/{rel}","templated":true}]}}