{"id":8092,"date":"2025-03-28T09:23:48","date_gmt":"2025-03-28T09:23:48","guid":{"rendered":"https:\/\/select-fotostudio.ch\/agb\/"},"modified":"2025-04-08T09:28:22","modified_gmt":"2025-04-08T09:28:22","slug":"agb","status":"publish","type":"page","link":"https:\/\/select-fotostudio.ch\/fr\/agb\/","title":{"rendered":"CONDITIONS G\u00c9N\u00c9RALES DE VENTE"},"content":{"rendered":"<div class=\"wpb-content-wrapper\"><p>[vc_section el_class=&#8221;team-gallery&#8221; css=&#8221;.vc_custom_1580828530947{margin-bottom: 0px !important;padding-bottom: 0px !important;}&#8221;][vc_row][vc_column][vc_empty_space height=&#8221;10px&#8221;][vc_separator color=&#8221;custom&#8221; align=&#8221;align_left&#8221; border_width=&#8221;3&#8243; el_width=&#8221;10&#8243; accent_color=&#8221;#ffcd00&#8243;][vc_column_text]<\/p>\n<h2 style=\"color: #000;\">conditions g\u00e9n\u00e9rales de vente<\/h2>\n<h3 style=\"color: #000;\"><\/h3>\n<p>[\/vc_column_text][vc_column_text]Mise \u00e0 jour : Zurich, 27 juin 2023[\/vc_column_text][\/vc_column][\/vc_row][\/vc_section][vc_section][vc_row][vc_column width=&#8221;2\/3&#8243;][vc_column_text]<strong>Pr\u00e9ambule  <\/strong><\/p>\n<p>Les CGV visent \u00e0 \u00e9tablir un juste \u00e9quilibre entre les int\u00e9r\u00eats de Select Photography GmbH et ceux de ses clients. &#8220;Photographes&#8221; est synonyme de Select Photography GmbH. <\/p>\n<p><strong>I. D\u00e9finitions  <\/strong><\/p>\n<p><strong>Travail photographique<\/strong><br \/>\nLe terme &#8220;travail photographique&#8221; d\u00e9signe le r\u00e9sultat d&#8217;un travail effectu\u00e9 par le photographe pour le client conform\u00e9ment \u00e0 l&#8217;accord conclu entre les parties.<\/p>\n<p><strong>Photographe<\/strong><br \/>\nLe &#8220;photographe&#8221; est la personne charg\u00e9e de la prestation du travail photographique.<\/p>\n<p><strong>Client<\/strong><br \/>\nLe &#8220;Client&#8221; est une personne physique ou morale qui commande le travail photographique au Photographe oralement, par \u00e9crit ou en ligne.<\/p>\n<p><strong>Parties<\/strong><br \/>\nLes &#8220;parties&#8221; sont le photographe et le client.<\/p>\n<p>Exemplaire <strong>du travail photographique \/ Exemplaire<\/strong><br \/>\nToute reproduction du travail photographique sous forme analogique ou num\u00e9rique est consid\u00e9r\u00e9e comme un &#8220;exemplaire du travail photographique&#8221; ou un &#8220;exemplaire&#8221;.<\/p>\n<p>&nbsp;<\/p>\n<p><strong>II. performance du travail photographique  <\/strong><\/p>\n<p>Sous r\u00e9serve des instructions \u00e9crites du client, la conception du travail photographique est enti\u00e8rement laiss\u00e9e \u00e0 l&#8217;appr\u00e9ciation du photographe. En particulier, il est le seul \u00e0 d\u00e9cider des moyens techniques et artistiques de cr\u00e9ation, comme par exemple l&#8217;\u00e9clairage et la composition de l&#8217;image. <\/p>\n<p>Lors de l&#8217;ex\u00e9cution du travail photographique, le photographe peut faire appel \u00e0 des auxiliaires de son choix.<\/p>\n<p>Les appareils et mat\u00e9riels photographiques ainsi que les autres \u00e9quipements n\u00e9cessaires au travail photographique sont fournis par le photographe.<\/p>\n<p>Sauf accord \u00e9crit contraire, le client est responsable de la mise \u00e0 disposition en temps voulu des lieux (emplacements), objets et personnes n\u00e9cessaires au travail photographique.<\/p>\n<p>&nbsp;<\/p>\n<p><strong>III Conditions de paiement et de livraison  <\/strong><\/p>\n<p>En g\u00e9n\u00e9ral<br \/>\nLes honoraires convenus entre les parties sont payables dans les 30 jours suivant l&#8217;\u00e9mission de la facture pour les clients professionnels, TVA en sus. Pour les clients priv\u00e9s, les honoraires convenus sont dus TVA incluse et sont pay\u00e9s directement sur place, sauf accord contraire.  <\/p>\n<p>Jusqu&#8217;au paiement complet, le mat\u00e9riel fourni et les donn\u00e9es d&#8217;images \u00e9lectroniques restent la propri\u00e9t\u00e9 du photographe. En cas de retard de paiement, des int\u00e9r\u00eats moratoires de 5%\/an ainsi que des frais de rappel de 15 CHF pour le premier rappel et de 25 CHF pour le deuxi\u00e8me (= dernier) rappel peuvent \u00eatre per\u00e7us. En outre, il sera fait appel \u00e0 une soci\u00e9t\u00e9 de recouvrement pour la suite de la proc\u00e9dure.  <\/p>\n<p>Le Client s&#8217;engage \u00e0 accepter le travail photographique lors de la commande. En cas de refus injustifi\u00e9 du travail photographique, le photographe refacturera au client les frais qu&#8217;il a engag\u00e9s. <\/p>\n<p><strong>D\u00e9finition de la &#8216;garantie de remboursement<\/strong><\/p>\n<p>Pendant la dur\u00e9e de la s\u00e9ance photo convenue, le client peut annuler la commande \u00e0 tout moment sans paiement suppl\u00e9mentaire. Ceci est consid\u00e9r\u00e9 comme une r\u00e9siliation du contrat, qui annule \u00e0 la fois l&#8217;obligation de paiement du client et l&#8217;obligation de prestation du photographe. <\/p>\n<p>Une fois la s\u00e9ance photo termin\u00e9e ou le mat\u00e9riel cr\u00e9\u00e9 remis au client, il n&#8217;est plus possible de r\u00e9silier le contrat. Les dispositions l\u00e9gales en vigueur continuent de s&#8217;appliquer. <\/p>\n<p><em><strong>S\u00e9ance photo du client sur place (shooting \u00e0 l&#8217;ext\u00e9rieur)<\/strong><\/em><br \/>\nSi le client reporte une s\u00e9ance de prise de vue \u00e0 une date ult\u00e9rieure moins de deux jours avant son rendez-vous ou s&#8217;il ne remplit pas ses obligations conform\u00e9ment au paragraphe 4 du II, le photographe a droit au remboursement des frais d\u00e9j\u00e0 engag\u00e9s (y compris les frais de tiers). En outre, il a droit \u00e0 une indemnit\u00e9. Celle-ci s&#8217;\u00e9l\u00e8ve \u00e0 50% des honoraires qui auraient \u00e9t\u00e9 dus selon le tarif pour l&#8217;ex\u00e9cution de la s\u00e9ance de prise de vue annul\u00e9e. Cette r\u00e8gle s&#8217;applique \u00e9galement si une s\u00e9ance de prise de vue est report\u00e9e \u00e0 une date ult\u00e9rieure moins de deux jours avant le d\u00e9but de la s\u00e9ance de prise de vue en raison de conditions m\u00e9t\u00e9orologiques d\u00e9favorables.   <\/p>\n<p><strong>S\u00e9ance photo au Select Fotostudio<\/strong><br \/>\nLes clients qui prennent rendez-vous pour une s\u00e9ance photo chez le photographe sont tenus de payer les honoraires convenus dans tous les cas. <strong>Une annulation sans frais est possible jusqu&#8217;\u00e0 4 heures avant la date convenue<\/strong>. En cas d&#8217;annulation moins de 4 heures avant le rendez-vous, le client est tenu de payer l&#8217;int\u00e9gralit\u00e9 du co\u00fbt du rendez-vous. <\/p>\n<p><strong>Utilisation commerciale des photos chez les particuliers<\/strong><\/p>\n<p>G\u00e9n\u00e9ralit\u00e9s : les donn\u00e9es d&#8217;image ne sont jamais incluses dans les honoraires du photographe pour les commandes priv\u00e9es.  <strong>L&#8217;utilisation commerciale des images n&#8217;est pas autoris\u00e9e sans droits d&#8217;utilisation commerciale.  <\/strong>Les droits d&#8217;auteur commerciaux pour les donn\u00e9es d&#8217;images originales peuvent \u00eatre achet\u00e9s s\u00e9par\u00e9ment.<\/p>\n<p>&nbsp;<\/p>\n<p><strong>V. Bons de r\u00e9duction et offres sp\u00e9ciales  <\/strong><\/p>\n<p>Les bons pour une s\u00e9ance photo qui ne sont pas utilis\u00e9s dans les deux ans suivant la date d&#8217;\u00e9mission conservent la valeur que la s\u00e9ance photo avait au moment de l&#8217;\u00e9mission du bon, et non la valeur que la s\u00e9ance photo a au moment de l&#8217;utilisation du bon.<\/p>\n<p>Les offres sp\u00e9ciales perdent leur validit\u00e9 si elles ne sont pas accept\u00e9es dans le d\u00e9lai indiqu\u00e9.<\/p>\n<p>&nbsp;<\/p>\n<p><strong>VI Lieu d&#8217;ex\u00e9cution  <\/strong><\/p>\n<p>Le lieu d&#8217;ex\u00e9cution est le si\u00e8ge social du photographe.<\/p>\n<p>&nbsp;<\/p>\n<p><strong>VII Responsabilit\u00e9 du photographe  <\/strong><\/p>\n<p>Le photographe n&#8217;est responsable qu&#8217;en cas de faute intentionnelle ou de n\u00e9gligence grave. La limitation de responsabilit\u00e9 s&#8217;applique \u00e9galement \u00e0 la conduite de ses employ\u00e9s et de ses auxiliaires. <\/p>\n<p>Le photographe est tenu de conserver les images num\u00e9riques du client pendant au moins 6 mois apr\u00e8s la commande de photos. Pass\u00e9 ce d\u00e9lai, le droit du client \u00e0 l&#8217;archivage des images par le photographe s&#8217;\u00e9teint. <\/p>\n<p>&nbsp;<\/p>\n<p><strong>VIII. Droits de garantie  <\/strong><\/p>\n<p>Le client est tenu de v\u00e9rifier le travail photographique livr\u00e9 par le photographe d\u00e8s sa r\u00e9ception et de faire part par \u00e9crit de tout dommage, d\u00e9faut ou r\u00e9clamation dans un d\u00e9lai de six jours ouvrables \u00e0 compter de la date de livraison de l&#8217;\u0153uvre, faute de quoi le travail photographique sera consid\u00e9r\u00e9 comme accept\u00e9 et aucune r\u00e9clamation ne pourra plus \u00eatre formul\u00e9e.<br \/>\nLe client a uniquement le droit de demander une r\u00e9paration apr\u00e8s avoir retourn\u00e9 le produit d\u00e9fectueux. En cas de commande en ligne, une r\u00e9paration est exclue en raison de diff\u00e9rences de caract\u00e9ristiques du produit (par exemple, diff\u00e9rences de couleurs entre les repr\u00e9sentations imprim\u00e9es et les repr\u00e9sentations \u00e0 l&#8217;\u00e9cran). Le traitement des images est \u00e0 la discr\u00e9tion du photographe.  <\/p>\n<p>&nbsp;<\/p>\n<p><strong>X. Utilisation du travail photographique par le client  <\/strong><\/p>\n<p>En g\u00e9n\u00e9ral<br \/>\n<strong>En livrant et en payant l&#8217;\u0153uvre, le client acquiert une licence d&#8217;utilisation du travail photographique dans le cadre convenu.<\/strong>  Cela ne comprend pas l&#8217;octroi de licences suppl\u00e9mentaires par le client \u00e0 des tiers. Toute utilisation non conforme \u00e0 l&#8217;accord oblige le client \u00e0 payer au photographe une indemnit\u00e9 \u00e9gale \u00e0 100% de la r\u00e9mun\u00e9ration due \u00e0 ce titre. <\/p>\n<p>Le client professionnel doit mentionner le nom du photographe sous une forme appropri\u00e9e lors de l&#8217;utilisation de l&#8217;\u0153uvre d\u00e9termin\u00e9e avec le photographe.<\/p>\n<p>Les dispositions de la loi f\u00e9d\u00e9rale du 9 octobre 1992 sur le droit d&#8217;auteur et les droits voisins (LDA) sont r\u00e9serv\u00e9es.<\/p>\n<p><strong>Droits des tiers<\/strong><\/p>\n<p>Si le Client a indiqu\u00e9 au Photographe certaines personnes devant \u00eatre photographi\u00e9es dans le cadre du travail photographique, il incombe au Client de s&#8217;assurer que ces personnes ont donn\u00e9 leur accord pour l&#8217;utilisation envisag\u00e9e de leur image dans le cadre de l&#8217;utilisation du travail photographique.<\/p>\n<p>De m\u00eame, il est de la responsabilit\u00e9 du Client de s&#8217;assurer qu&#8217;aucun droit de tiers ne s&#8217;oppose \u00e0 l&#8217;utilisation pr\u00e9vue des objets ou lieux repr\u00e9sent\u00e9s (lieux) dans le cadre de l&#8217;utilisation du travail photographique, dans la mesure o\u00f9 le Client a remis de tels objets au Photographe ou a indiqu\u00e9 des lieux sp\u00e9cifiques \u00e0 photographier.<\/p>\n<p>En cas de violation des obligations d\u00e9crites dans les deux paragraphes ci-dessus, le Client s&#8217;engage \u00e0 rembourser au Photographe tous les dommages et int\u00e9r\u00eats auxquels le Photographe pourrait \u00eatre condamn\u00e9 au profit des tiers autoris\u00e9s. En outre, le Client devra rembourser au Photographe l&#8217;ensemble des frais engag\u00e9s dans le cadre de la proc\u00e9dure judiciaire engag\u00e9e \u00e0 l&#8217;encontre des tiers ayant droit. <\/p>\n<p><strong>XI. Utilisation du travail photographique par le photographe  <\/strong><\/p>\n<p><strong>Clients commerciaux<\/strong><\/p>\n<p>Le Client professionnel accepte que le travail photographique puisse \u00eatre utilis\u00e9 par le Photographe \u00e0 ses propres fins de promotion, notamment pour des sites Internet. Le Photographe se r\u00e9serve le droit de publier le travail photographique sous quelque forme et sur quelque support que ce soit, de le rendre accessible \u00e0 des tiers ou de fournir des copies du travail photographique \u00e0 des tiers. <\/p>\n<p>Si le photographe utilise le travail photographique conform\u00e9ment au paragraphe ci-dessus, il est tenu de s&#8217;assurer qu&#8217;il ne porte pas atteinte aux droits de tiers en ce qui concerne la repr\u00e9sentation de personnes, d&#8217;objets ou de lieux.<\/p>\n<p><strong>XII. Droit applicable et juridiction comp\u00e9tente  <\/strong><\/p>\n<p>Les contrats conclus avec le photographe sont soumis au droit suisse, m\u00eame en cas de livraison \u00e0 l&#8217;\u00e9tranger. Toute modification ou tout ajout concernant les pr\u00e9sentes conditions g\u00e9n\u00e9rales doit \u00eatre fait par \u00e9crit. Le Photographe se r\u00e9serve le droit de modifier ou de compl\u00e9ter les Conditions G\u00e9n\u00e9rales \u00e0 tout moment.  [\/vc_column_text][\/vc_column][vc_column width=&#8221;1\/3&#8243; css=&#8221;.vc_custom_1687871783988{border-left-width: 1px !important;border-left-color: #969696 !important;border-left-style: solid !important;border-radius: 1px !important;}&#8221;][vc_column_text]<strong>Le plus important en bref<\/strong><\/p>\n<p>Protection des donn\u00e9es<\/p>\n<ul>\n<li>Pas d&#8217;utilisation des donn\u00e9es clients \u00e0 des fins de marketing ou de newsletter.<\/li>\n<li>Les photos ne sont pas publi\u00e9es et appartiennent uniquement au client.<\/li>\n<\/ul>\n<p>R\u00e9server un rendez-vous au studio photo<\/p>\n<ul>\n<li>Annulation gratuite jusqu&#8217;\u00e0 4 heures avant le d\u00e9but du shooting, ensuite facturation \u00e0 100%.<\/li>\n<li>Interruption du shooting pendant la p\u00e9riode sans frais suppl\u00e9mentaires (&#8220;garantie de remboursement&#8221;). Aucun droit d&#8217;annulation du contrat apr\u00e8s la fin de la s\u00e9ance photo. <\/li>\n<\/ul>\n<p>Droits d&#8217;utilisation commerciale<\/p>\n<ul>\n<li>Les droits d&#8217;utilisation commerciale sont exclusivement inclus dans les Business Packages. Sans droits d&#8217;utilisation commerciale, l&#8217;utilisation commerciale des images n&#8217;est pas autoris\u00e9e. <\/li>\n<li>Le copyright commercial pour les donn\u00e9es d&#8217;images originales peut \u00eatre acquis ult\u00e9rieurement.<\/li>\n<\/ul>\n<p>Conservation des donn\u00e9es :<\/p>\n<ul>\n<li>Les photos sont conserv\u00e9es pendant au moins 6 mois. Pass\u00e9 ce d\u00e9lai, le droit du client \u00e0 l&#8217;archivage des photos par le photographe s&#8217;\u00e9teint. <\/li>\n<li>En raison des dispositions l\u00e9gales, les donn\u00e9es des clients ne sont supprim\u00e9es qu&#8217;apr\u00e8s 10 ans.<\/li>\n<\/ul>\n<p>[\/vc_column_text][\/vc_column][\/vc_row][\/vc_section]<\/p>\n<\/div>","protected":false},"excerpt":{"rendered":"<p>[vc_section el_class=&#8221;team-gallery&#8221; css=&#8221;.vc_custom_1580828530947{margin-bottom: 0px !important;padding-bottom: 0px !important;}&#8221;][vc_row][vc_column][vc_empty_space height=&#8221;10px&#8221;][vc_separator color=&#8221;custom&#8221; align=&#8221;align_left&#8221; border_width=&#8221;3&#8243; el_width=&#8221;10&#8243; accent_color=&#8221;#ffcd00&#8243;][vc_column_text] conditions g\u00e9n\u00e9rales de vente [\/vc_column_text][vc_column_text]Mise \u00e0 jour : Zurich, 27 juin 2023[\/vc_column_text][\/vc_column][\/vc_row][\/vc_section][vc_section][vc_row][vc_column width=&#8221;2\/3&#8243;][vc_column_text]Pr\u00e9ambule Les CGV visent \u00e0 \u00e9tablir un juste \u00e9quilibre entre les int\u00e9r\u00eats de Select Photography GmbH et ceux de ses clients. &#8220;Photographes&#8221; est synonyme de Select Photography GmbH. I. D\u00e9finitions [&hellip;]<\/p>\n","protected":false},"author":1,"featured_media":0,"parent":0,"menu_order":0,"comment_status":"closed","ping_status":"closed","template":"","meta":{"footnotes":""},"class_list":["post-8092","page","type-page","status-publish","hentry"],"_links":{"self":[{"href":"https:\/\/select-fotostudio.ch\/fr\/wp-json\/wp\/v2\/pages\/8092","targetHints":{"allow":["GET"]}}],"collection":[{"href":"https:\/\/select-fotostudio.ch\/fr\/wp-json\/wp\/v2\/pages"}],"about":[{"href":"https:\/\/select-fotostudio.ch\/fr\/wp-json\/wp\/v2\/types\/page"}],"author":[{"embeddable":true,"href":"https:\/\/select-fotostudio.ch\/fr\/wp-json\/wp\/v2\/users\/1"}],"replies":[{"embeddable":true,"href":"https:\/\/select-fotostudio.ch\/fr\/wp-json\/wp\/v2\/comments?post=8092"}],"version-history":[{"count":0,"href":"https:\/\/select-fotostudio.ch\/fr\/wp-json\/wp\/v2\/pages\/8092\/revisions"}],"wp:attachment":[{"href":"https:\/\/select-fotostudio.ch\/fr\/wp-json\/wp\/v2\/media?parent=8092"}],"curies":[{"name":"wp","href":"https:\/\/api.w.org\/{rel}","templated":true}]}}