{"id":8158,"date":"2025-03-28T09:24:13","date_gmt":"2025-03-28T09:24:13","guid":{"rendered":"https:\/\/select-fotostudio.ch\/workshops\/workshop-fotowalk\/"},"modified":"2025-04-08T09:24:44","modified_gmt":"2025-04-08T09:24:44","slug":"workshop-fotowalk","status":"publish","type":"page","link":"https:\/\/select-fotostudio.ch\/fr\/workshops\/workshop-fotowalk\/","title":{"rendered":"Atelier de marche photographique"},"content":{"rendered":"<div class=\"wpb-content-wrapper\"><p>[vc_section][vc_row][vc_column][vc_empty_space height=&#8221;10px&#8221;][vc_separator color=&#8221;custom&#8221; align=&#8221;align_left&#8221; border_width=&#8221;3&#8243; el_width=&#8221;10&#8243; accent_color=&#8221;#ffd600&#8243;][vc_column_text]<\/p>\n<h2>Photo Walk<\/h2>\n<h3>Nous vous montrons comment prendre des instantan\u00e9s de mode !<\/h3>\n<p>Appareil photo, lumi\u00e8re et v\u00eatements. Apprenez des trucs et astuces professionnels pour r\u00e9aliser des photos de mode habiles.[\/vc_column_text][\/vc_column][\/vc_row][\/vc_section][vc_section bklyn_overlay=&#8221;true&#8221; css=&#8221;.vc_custom_1581423430778{padding-top: 0px !important;}&#8221;][vc_row gap=&#8221;10&#8243; equal_height=&#8221;yes&#8221; content_placement=&#8221;middle&#8221;][vc_column width=&#8221;1\/2&#8243; css=&#8221;.vc_custom_1581425817296{background-color: #ffd502 !important;}&#8221; offset=&#8221;vc_col-lg-6 vc_col-md-6 vc_col-sm-12 vc_col-xs-12&#8243;][vc_empty_space height=&#8221;5px&#8221; tablet_height=&#8221;10px&#8221; mobile_height=&#8221;5px&#8221;][vc_column_text]<\/p>\n<h1 style=\"color: #000;\">D\u00e9tails du cours<\/h1>\n<p><span style=\"color: #000;\"><strong>Num\u00e9ro de cours<\/strong>: SEL-196<\/span><br \/>\n<span style=\"color: #000;\"><strong>Dur\u00e9e du cours<\/strong>: environ 3 heures<\/span><br \/>\n<span style=\"color: #000;\"><strong>Type de cours<\/strong>: street photography<\/span><br \/>\n<span style=\"color: #000;\"><strong>Directeur du cours<\/strong>: Vera Elma Vacek<\/span><br \/>\n<span style=\"color: #000;\"><strong>Nombre de participants<\/strong>: 4 &#8211; 8 personnes<\/span><br \/>\n<span style=\"color: #000;\"><strong>Date limite d&#8217;inscription<\/strong>: 3 jours avant chaque session<\/span>[\/vc_column_text][vc_column_text]<\/p>\n<p style=\"color: #ffffff; text-align: left;\"><strong><span style=\"color: #000000;\">Dates des ateliers<\/span><\/strong><\/p>\n<p style=\"color: #ffffff; text-align: left;\"><span style=\"color: #000000;\">*Samedi 09.05.2020 | 18h &#8211; 20h | Zurich<\/span><\/p>\n<p style=\"text-align: left;\"><span style=\"color: #000000;\">*uniquement pour les jeunes de moins de 25 ans<\/span><\/p>\n<p>[\/vc_column_text][vc_column_text]<\/p>\n<h4 style=\"color: #000;\"><\/h4>\n<p>La photographie urbaine est de plus en plus populaire \u00e0 l&#8217;\u00e8re des m\u00e9dias sociaux. Que vous soyez en train de planifier votre prochain voyage en ville ou que vous souhaitiez simplement photographier des situations de la vie quotidienne, il y a quelque chose pour tout le monde dans notre photo walk. D\u00e9couvrez le style de vie, les sc\u00e8nes et les lieux d&#8217;une ville. Profitez des conseils professionnels de nos photographes exp\u00e9riment\u00e9s et trouvez votre propre style.   <\/p>\n<p><strong>Ce que vous devez apporter au cours<\/strong><\/p>\n<ul>\n<li>Votre propre appareil photo (reflex ou syst\u00e8me)<\/li>\n<\/ul>\n<p><span style=\"color: #000;\"><strong>Les ateliers ne sont possibles que sur inscription pr\u00e9alable !<\/strong><\/span>[\/vc_column_text][vc_empty_space height=&#8221;15px&#8221;]<style type=\"text\/css\">#bklyn_btn_69e539ee9666e .bklyn-btn { color:#000000 !important; border-color:#000000 !important; border-width:2px !important; background-color:transparent !important; }#bklyn_btn_69e539ee9666e .bklyn-btn:hover{ color:#ffffff !important; background-color:#000000 !important; }#bklyn_btn_69e539ee9666e .bklyn-btn:focus{ color:#ffffff !important; background-color:#000000 !important; }#bklyn_btn_69e539ee9666e .bklyn-btn:active { color:#ffffff !important; background-color:#000000 !important; }#bklyn_btn_69e539ee9666e.bklyn-btn-holder a { padding-top:8px;padding-bottom:8px }<\/style><div id=\"bklyn_btn_69e539ee9666e\" class=\"bklyn-btn-holder  bklyn-btn-center bklyn-btn-tablet-center bklyn-btn-mobile-center bklyn-btn-holder-contains-fuild-button\"><a title=\"Inscription \u00e0 l&#039;atelier\"   href=\"https:\/\/select-fotostudio.ch\/workshop-anmeldung\/\" target=\"_self\" class=\"bklyn-btn  bklyn-btn-outline bklyn-btn-full bklyn-btn-normal\" ><span class=\"ut-btn-text\">POUR S&#039;INSCRIRE<\/span><\/a><\/div>[\/vc_column][vc_column width=&#8221;1\/2&#8243; css=&#8221;.vc_custom_1581441363549{background-color: #000000 !important;}&#8221; offset=&#8221;vc_col-lg-6 vc_col-md-6 vc_col-sm-12 vc_col-xs-12&#8243;]<div  class=\"wpb_content_element   clearfix\"><style type=\"text\/css\">#ut_am_69e539ee97195 { opacity: 1; }#ut_am_wrap_69e539ee97196 { text-align: center; }@media (min-width: 768px) and (max-width: 1024px) { #ut_am_wrap_69e539ee97196 { text-align: center !important; } }@media (max-width: 767px) { #ut_am_wrap_69e539ee97196 { text-align: center !important; } }<\/style><div id=\"ut_am_wrap_69e539ee97196\" class=\"ut-image-gallery-image \"><div id=\"ut_reveal_69e539ee97197\"  data-appear-top-offset=\"auto\" class=\"ut-animated-image-item ut-image-gallery-item ut-animation-done \"><a class=\"ut-deactivated-link\" href=\"#\"><div class=\"ut-animated-image-zoom\">\r\n        <div class=\"ut-element-glitch-wrap\">\r\n\r\n            \r\n        <style type=\"text\/css\">\r\n\r\n                        \r\n        @media (min-width: 1025px) {\r\n\r\n        #ut-element-glitch-69e539ee971c0887574692-474 .ut-glitch-single-element {\r\n                                            \r\n                }\r\n        }\r\n\r\n        @media (min-width: 768px) and (max-width: 1024px) {\r\n\r\n        #ut-element-glitch-69e539ee971c0887574692-474 .ut-glitch-single-element {\r\n                                                \r\n                    }\r\n        }\r\n\r\n        @media (max-width: 767px) {\r\n\r\n        #ut-element-glitch-69e539ee971c0887574692-474 .ut-glitch-single-element {\r\n                                                \r\n                    }\r\n        }\r\n\r\n        \r\n        <\/style>\r\n\r\n        \r\n            <div id=\"ut-element-glitch-69e539ee971c0887574692-474\" class=\" ut-element-glitch ut-glitch-none ut-element-glitch-permanent\">\r\n                <div class=\"ut-glitch-single-element ut-lozad skip-lazy\" data-background-image=\"https:\/\/select-fotostudio.ch\/wp-content\/uploads\/2020\/02\/Vera-Web.jpg\"><\/div>\r\n                <div class=\"ut-glitch-single-element ut-lozad skip-lazy\" data-background-image=\"https:\/\/select-fotostudio.ch\/wp-content\/uploads\/2020\/02\/Vera-Web.jpg\"><\/div>\r\n                <div class=\"ut-glitch-single-element ut-lozad skip-lazy\" data-background-image=\"https:\/\/select-fotostudio.ch\/wp-content\/uploads\/2020\/02\/Vera-Web.jpg\"><\/div>\r\n                <div class=\"ut-glitch-single-element ut-lozad skip-lazy\" data-background-image=\"https:\/\/select-fotostudio.ch\/wp-content\/uploads\/2020\/02\/Vera-Web.jpg\"><\/div>\r\n                <div class=\"ut-glitch-single-element ut-lozad skip-lazy\" data-background-image=\"https:\/\/select-fotostudio.ch\/wp-content\/uploads\/2020\/02\/Vera-Web.jpg\"><\/div>\r\n            <\/div>\r\n\r\n        <\/div>\r\n\r\n        <img decoding=\"async\" class=\"ut-lazy skip-lazy ut-animated-image \" id=\"ut_am_69e539ee97195\" src=\"data:image\/svg+xml;charset=utf-8,%3Csvg xmlns%3D&#039;http%3A%2F%2Fwww.w3.org%2F2000%2Fsvg&#039; viewBox%3D&#039;0 0 400 400&#039;%2F%3E\" data-src=\"https:\/\/select-fotostudio.ch\/wp-content\/uploads\/2020\/02\/Vera-Web.jpg\" width=\"400\" height=\"400\" alt=\"Fotokurs Luzern, Bern, Z\u00fcrich\" title=\"\"><\/div><\/a><\/div><\/div><\/div>[vc_empty_space height=&#8221;20px&#8221; tablet_height=&#8221;10px&#8221; mobile_height=&#8221;5px&#8221;][vc_column_text]<\/p>\n<div class=\"page\" title=\"Page 2\">\n<div class=\"section\">\n<div class=\"layoutArea\">\n<div class=\"column\">\n<p><span style=\"color: #ffffff;\"><strong>Vera Elma Vacek<\/strong><\/span><\/p>\n<p><span style=\"color: #ffffff;\">Photographe<\/span><\/p>\n<p><span style=\"color: #ffffff;\">Reconna\u00eetre des sujets photog\u00e9niques exige un \u0153il exerc\u00e9. Vera Elma Vacek a fait tr\u00e8s t\u00f4t de son hobby son m\u00e9tier. En tant que directrice de studio chez Select, elle est responsable de la formation continue des photographes*. <\/span><\/p>\n<p><span style=\"color: #ffffff;\">Elle trouve passionnant de photographier des sujets sous diff\u00e9rentes perspectives et de visiter des lieux int\u00e9ressants d&#8217;un point de vue esth\u00e9tique. Vera vit \u00e0 Berne et \u00e9tudie la photographie \u00e0 l&#8217;\u00e9cole de design ES. <\/span><\/p>\n<\/div>\n<\/div>\n<\/div>\n<\/div>\n<p>[\/vc_column_text][\/vc_column][\/vc_row][\/vc_section][vc_section css=&#8221;.vc_custom_1581425063520{padding-top: 0px !important;}&#8221;][vc_row css=&#8221;.vc_custom_1581425468908{margin-top: 0px !important;margin-bottom: 0px !important;padding-top: 0px !important;padding-bottom: 0px !important;}&#8221;][vc_column css=&#8221;.vc_custom_1581425473932{margin-top: 0px !important;margin-bottom: 0px !important;padding-top: 0px !important;padding-bottom: 0px !important;}&#8221;][vc_empty_space height=&#8221;50px&#8221; tablet_height=&#8221;25px&#8221; mobile_height=&#8221;15px&#8221;][\/vc_column][\/vc_row][\/vc_section]<\/p>\n<\/div>","protected":false},"excerpt":{"rendered":"<p>[vc_section][vc_row][vc_column][vc_empty_space height=&#8221;10px&#8221;][vc_separator color=&#8221;custom&#8221; align=&#8221;align_left&#8221; border_width=&#8221;3&#8243; el_width=&#8221;10&#8243; accent_color=&#8221;#ffd600&#8243;][vc_column_text] Photo Walk Nous vous montrons comment prendre des instantan\u00e9s de mode ! Appareil photo, lumi\u00e8re et v\u00eatements. Apprenez des trucs et astuces professionnels pour r\u00e9aliser des photos de mode habiles.[\/vc_column_text][\/vc_column][\/vc_row][\/vc_section][vc_section bklyn_overlay=&#8221;true&#8221; css=&#8221;.vc_custom_1581423430778{padding-top: 0px !important;}&#8221;][vc_row gap=&#8221;10&#8243; equal_height=&#8221;yes&#8221; content_placement=&#8221;middle&#8221;][vc_column width=&#8221;1\/2&#8243; css=&#8221;.vc_custom_1581425817296{background-color: #ffd502 !important;}&#8221; offset=&#8221;vc_col-lg-6 vc_col-md-6 vc_col-sm-12 vc_col-xs-12&#8243;][vc_empty_space height=&#8221;5px&#8221; tablet_height=&#8221;10px&#8221; mobile_height=&#8221;5px&#8221;][vc_column_text] [&hellip;]<\/p>\n","protected":false},"author":2,"featured_media":0,"parent":7979,"menu_order":0,"comment_status":"closed","ping_status":"closed","template":"","meta":{"footnotes":""},"class_list":["post-8158","page","type-page","status-publish","hentry"],"_links":{"self":[{"href":"https:\/\/select-fotostudio.ch\/fr\/wp-json\/wp\/v2\/pages\/8158","targetHints":{"allow":["GET"]}}],"collection":[{"href":"https:\/\/select-fotostudio.ch\/fr\/wp-json\/wp\/v2\/pages"}],"about":[{"href":"https:\/\/select-fotostudio.ch\/fr\/wp-json\/wp\/v2\/types\/page"}],"author":[{"embeddable":true,"href":"https:\/\/select-fotostudio.ch\/fr\/wp-json\/wp\/v2\/users\/2"}],"replies":[{"embeddable":true,"href":"https:\/\/select-fotostudio.ch\/fr\/wp-json\/wp\/v2\/comments?post=8158"}],"version-history":[{"count":0,"href":"https:\/\/select-fotostudio.ch\/fr\/wp-json\/wp\/v2\/pages\/8158\/revisions"}],"up":[{"embeddable":true,"href":"https:\/\/select-fotostudio.ch\/fr\/wp-json\/wp\/v2\/pages\/7979"}],"wp:attachment":[{"href":"https:\/\/select-fotostudio.ch\/fr\/wp-json\/wp\/v2\/media?parent=8158"}],"curies":[{"name":"wp","href":"https:\/\/api.w.org\/{rel}","templated":true}]}}